{"id":1641,"date":"2022-06-15T12:24:57","date_gmt":"2022-06-15T15:24:57","guid":{"rendered":"https:\/\/ssperform.com.br\/?page_id=1641"},"modified":"2026-03-02T13:32:48","modified_gmt":"2026-03-02T16:32:48","slug":"fundamentos","status":"publish","type":"page","link":"https:\/\/ssperform.com.br\/en\/fundamentos\/","title":{"rendered":"Fundamentals"},"content":{"rendered":"<div data-elementor-type=\"wp-page\" data-elementor-id=\"1641\" class=\"elementor elementor-1641\">\n\t\t\t\t\t\t\t\t\t<section class=\"elementor-section elementor-top-section elementor-element elementor-element-29fe8ad5 elementor-section-boxed elementor-section-height-default elementor-section-height-default exad-glass-effect-no exad-sticky-section-no\" data-id=\"29fe8ad5\" data-element_type=\"section\">\n\t\t\t\t\t\t<div class=\"elementor-container elementor-column-gap-default\">\n\t\t\t\t\t<div class=\"elementor-column elementor-col-100 elementor-top-column elementor-element elementor-element-413f5012 exad-glass-effect-no exad-sticky-section-no\" data-id=\"413f5012\" data-element_type=\"column\">\n\t\t\t<div class=\"elementor-widget-wrap elementor-element-populated\">\n\t\t\t\t\t\t\t\t<div class=\"elementor-element elementor-element-206b019a exad-sticky-section-no exad-glass-effect-no elementor-widget elementor-widget-text-editor\" data-id=\"206b019a\" data-element_type=\"widget\" data-widget_type=\"text-editor.default\">\n\t\t\t\t<div class=\"elementor-widget-container\">\n\t\t\t\t\t\t\t<h1 style=\"text-align: center;\">FUNDAMENTOS<\/h1>\n<h3 style=\"text-align: center;\"><strong>Satisfa\u00e7\u00e3o dos Stakeholders Performance teste<\/strong><\/h3>\n<p class=\"MsoNormal\" style=\"margin: 0cm 0cm 8pt; line-height: 18.4px; font-size: 12pt; font-family: Aptos, sans-serif; font-style: normal; font-variant-ligatures: normal; font-variant-caps: normal; font-weight: 400;\"><b>A m\u00e9trica<\/b><\/p>\n<p class=\"MsoNormal\" style=\"margin: 0cm 0cm 8pt; line-height: 18.4px; font-size: 12pt; font-family: Aptos, sans-serif; font-style: normal; font-variant-ligatures: normal; font-variant-caps: normal; font-weight: 400;\">O&nbsp;<b>SSPerform<\/b>&nbsp;est\u00e1 fundamentado na teoria dos&nbsp;<i>stakeholders<\/i>&nbsp;que tem suas ra\u00edzes em 1984 com a publica\u00e7\u00e3o, pelo acad\u00eamico Edward Freeman, do livro&nbsp;<i>Strategic Management: A stakeholder Approach<\/i>. <span lang=\"EN-US\">Mais tarde, Freeman et al. (2010), publicam o artigo: Stackholder Theory:&nbsp;<i>The State of the Art<\/i>.<\/span><\/p>\n<p class=\"MsoNormal translation-block\" style=\"margin: 0cm 0cm 8pt; line-height: 18.4px; font-size: 12pt; font-family: Aptos, sans-serif; font-style: normal; font-variant-ligatures: normal; font-variant-caps: normal; font-weight: 400;\">In essence, <em>stakeholder<\/em> theory defines that the purpose of a business is to create value for all <em>stakeholders <\/em>(employees, customers, suppliers, communities, and financiers, among others).<\/p>\n<p class=\"MsoNormal\" style=\"margin: 0cm 0cm 8pt; line-height: 18.4px; font-size: 12pt; font-family: Aptos, sans-serif; font-style: normal; font-variant-ligatures: normal; font-variant-caps: normal; font-weight: 400;\">Freeman, \u00e0 \u00e9poca, se contrap\u00f4s a afirma\u00e7\u00e3o de Milton Friedman, ganhador do pr\u00eamio Nobel de economia, que em 1970 publicou um artigo na Harvard Business Review em que propunha que o objetivo das empresas \u00e9 trazer retorno financeiro aos propriet\u00e1rios e acionistas (os&nbsp;<i>shareholders<\/i>&nbsp;da empresa). Esta vis\u00e3o de Friedman norteou os princ\u00edpios do capitalismo por d\u00e9cadas.<\/p>\n<p class=\"MsoNormal\" style=\"margin: 0cm 0cm 8pt; line-height: 18.4px; font-size: 12pt; font-family: Aptos, sans-serif; font-style: normal; font-variant-ligatures: normal; font-variant-caps: normal; font-weight: 400;\">Outros autores e entidades tamb\u00e9m contribu\u00edram com a evolu\u00e7\u00e3o dos princ\u00edpios do capitalismo.<\/p>\n<p class=\"MsoNormal\" style=\"margin: 0cm 0cm 8pt; line-height: 18.4px; font-size: 12pt; font-family: Aptos, sans-serif; font-style: normal; font-variant-ligatures: normal; font-variant-caps: normal; font-weight: 400;\">Elkington (1998) prop\u00f4s que em adi\u00e7\u00e3o aos financeiros fossem tamb\u00e9m considerados os resultados da sustentabilidade (sociais e ambientais), base dos atuais preceitos&nbsp;<b>ESG<\/b>.<\/p>\n<p class=\"MsoNormal\" style=\"margin: 0cm 0cm 8pt; line-height: 18.4px; font-size: 12pt; font-family: Aptos, sans-serif; font-style: normal; font-variant-ligatures: normal; font-variant-caps: normal; font-weight: 400;\">A entidade americana <b><i>Business Roundtable (BRT)<\/i>, <\/b>em agosto de&nbsp;2019, em linha com os postulados de Freeman,&nbsp;anunciou seu compromisso pela satisfa\u00e7\u00e3o dos&nbsp;<i>stakeholders.<\/i><\/p>\n<p class=\"MsoNormal\" style=\"margin: 0cm 0cm 8pt; line-height: 18.4px; font-size: 12pt; font-family: Aptos, sans-serif; font-style: normal; font-variant-ligatures: normal; font-variant-caps: normal; font-weight: 400;\">Com esse compromisso, assinado por 181&nbsp;<i>CEO\u2019s<\/i>&nbsp;das maiores empresas americanas, globais, o vi\u00e9s socioambiental do capitalismo representado pela satisfa\u00e7\u00e3o de todos os&nbsp;<i>stakeholders<\/i>&nbsp;passou a se ancorar em poderosa aliada.<\/p>\n<p class=\"MsoNormal translation-block\" style=\"margin: 0cm 0cm 8pt; line-height: 18.4px; font-size: 12pt; font-family: Aptos, sans-serif; font-style: normal; font-variant-ligatures: normal; font-variant-caps: normal; font-weight: 400;\">No other association in the world brings together, interacts with and can satisfy the interests of such a large and diverse number of stakeholders.<\/p>\n<p class=\"MsoNormal\" style=\"margin: 0cm 0cm 8pt; line-height: 18.4px; font-size: 12pt; font-family: Aptos, sans-serif; font-style: normal; font-variant-ligatures: normal; font-variant-caps: normal; font-weight: 400;\">A&nbsp;<b><i>BRT<\/i><\/b>&nbsp;re\u00fane milh\u00f5es de empregados e clientes, milh\u00f5es de micro a grandes fornecedores de&nbsp;<i>P&amp;S<\/i>, milhares de comunidades atendidas, al\u00e9m do que, incont\u00e1veis entidades sociais s\u00e3o beneficiadas por essa imensa rede.<\/p>\n<p class=\"MsoNormal\" style=\"margin: 0cm 0cm 8pt; line-height: 18.4px; font-size: 12pt; font-family: Aptos, sans-serif; font-style: normal; font-variant-ligatures: normal; font-variant-caps: normal; font-weight: 400;\">In turn, the performance indicators were updated over time to reflect the purpose of capitalism and companies\u2019 objectives.<\/p>\n<p class=\"MsoNormal\" style=\"margin: 0cm 0cm 8pt; line-height: 18.4px; font-size: 12pt; font-family: Aptos, sans-serif; font-style: normal; font-variant-ligatures: normal; font-variant-caps: normal; font-weight: 400;\">Until the early 1990s, when Friedman's ideas prevailed, performance was measured only by financial metrics.<\/p>\n<p class=\"MsoNormal\" style=\"margin: 0cm 0cm 8pt; line-height: 18.4px; font-size: 12pt; font-family: Aptos, sans-serif; font-style: normal; font-variant-ligatures: normal; font-variant-caps: normal; font-weight: 400;\">It is known that the work of Kaplan &amp; Norton (1992) was a milestone in the business measurement system.<\/p>\n<p class=\"MsoNormal\" style=\"margin: 0cm 0cm 8pt; line-height: 18.4px; font-size: 12pt; font-family: Aptos, sans-serif; font-style: normal; font-variant-ligatures: normal; font-variant-caps: normal; font-weight: 400;\">At that time, these authors introduced the Balanced Scorecard (BSC) concept and, since then, dozens of unprecedented business performance indicators, including intangible metrics, have been used by companies in addition to financial ones.<\/p>\n<p class=\"MsoNormal\" style=\"margin: 0cm 0cm 8pt; line-height: 18.4px; font-size: 12pt; font-family: Aptos, sans-serif; font-style: normal; font-variant-ligatures: normal; font-variant-caps: normal; font-weight: 400;\">There is currently a massive use of key performance indicators (KPIs) that are different and independent of each other.<\/p>\n<p class=\"MsoNormal\" style=\"margin: 0cm 0cm 8pt; line-height: 18.4px; font-size: 12pt; font-family: Aptos, sans-serif; font-style: normal; font-variant-ligatures: normal; font-variant-caps: normal; font-weight: 400;\">To designate the performance of a certain area of the company, a set of correlated indicators is necessary.<\/p>\n<p class=\"MsoNormal\" style=\"margin: 0cm 0cm 8pt; line-height: 18.4px; font-size: 12pt; font-family: Aptos, sans-serif; font-style: normal; font-variant-ligatures: normal; font-variant-caps: normal; font-weight: 400;\">Em outras palavras, um conjunto de indicadores de qualidade precisa ser aplicado para indicar a qualidade de&nbsp;<i>P&amp;S<\/i>, outros conjuntos para indicar a performance da empresa em seguran\u00e7a do trabalho, ou satisfa\u00e7\u00e3o do cliente, e assim por diante.<\/p>\n<p class=\"MsoNormal\" style=\"margin: 0cm 0cm 8pt; line-height: 18.4px; font-size: 12pt; font-family: Aptos, sans-serif; font-style: normal; font-variant-ligatures: normal; font-variant-caps: normal; font-weight: 400;\">No entanto, medir a performance geral ainda \u00e9 uma quest\u00e3o sem resposta.<\/p>\n<p class=\"MsoNormal\" style=\"margin: 0cm 0cm 8pt; line-height: 18.4px; font-size: 12pt; font-family: Aptos, sans-serif; font-style: normal; font-variant-ligatures: normal; font-variant-caps: normal; font-weight: 400;\">Assim, preenchendo essa lacuna, a <b>satisfa\u00e7\u00e3o dos&nbsp;<i>stakeholders<\/i><\/b><i>&nbsp;<\/i>\u00e9 proposta como uma&nbsp;<b>m\u00e9trica \u00fanica<\/b>&nbsp;para&nbsp;<b>avaliar a performance geral de uma empresa.<\/b><\/p>\n<p class=\"MsoNormal\" style=\"margin: 0cm 0cm 8pt; line-height: 18.4px; font-size: 12pt; font-family: Aptos, sans-serif; font-style: normal; font-variant-ligatures: normal; font-variant-caps: normal; font-weight: 400;\">Essa proposi\u00e7\u00e3o leva em considera\u00e7\u00e3o a clara evolu\u00e7\u00e3o do conceito de objetivo corporativo centrado na satisfa\u00e7\u00e3o dos acionistas (<i>shareholders<\/i>) para a satisfa\u00e7\u00e3o de todos os&nbsp;<i>stakeholders<\/i>&nbsp;e se baseia no fato de que, na perspectiva dos&nbsp;<i>stakeholders<\/i>, uma empresa tem performance boa ou ruim na medida em que suas necessidades est\u00e3o sendo ou n\u00e3o satisfeitas. Portanto, sendo a satisfa\u00e7\u00e3o dos&nbsp;<i>stakeholders&nbsp;<\/i>assumida como princ\u00edpio ou pressuposto natural da performance, ela j\u00e1 est\u00e1 sancionada pela maioria, como todo princ\u00edpio ou pressuposto de qualquer fen\u00f4meno deve estar.<\/p>\n<p class=\"MsoNormal\" style=\"margin: 0cm 0cm 8pt; line-height: 18.4px; font-size: 12pt; font-family: Aptos, sans-serif; font-style: normal; font-variant-ligatures: normal; font-variant-caps: normal; font-weight: 400;\">Os dados aqui relatados, por si s\u00f3, eliminam qualquer d\u00favida de que a satisfa\u00e7\u00e3o dos&nbsp;<i>stakeholders<\/i>&nbsp;se consolidar\u00e1 como o objetivo central das empresas, isto \u00e9, como novo formato do&nbsp;capitalismo das pr\u00f3ximas d\u00e9cadas.<\/p>\n<p class=\"MsoNormal\" style=\"margin: 0cm 0cm 8pt; line-height: 18.4px; font-size: 12pt; font-family: Aptos, sans-serif; font-style: normal; font-variant-ligatures: normal; font-variant-caps: normal; font-weight: 400;\">Nesse sentido, o&nbsp;<b>SSPerform<\/b>&nbsp;se alinha aos mais recentes preceitos de gest\u00e3o, sua aplica\u00e7\u00e3o promove o aprendizado individual e se configura numa excelente ferramenta para gestores que desejam avaliar e entender a&nbsp;<b>overall performance <\/b>de sua empresa, assim como implementar melhorias por meio de pr\u00e1ticas e valores que constituem uma eficiente&nbsp;<b>performance culture<\/b>.<\/p>\n<p class=\"MsoNormal\" style=\"margin: 0cm 0cm 8pt; line-height: 18.4px; font-size: 12pt; font-family: Aptos, sans-serif; font-style: normal; font-variant-ligatures: normal; font-variant-caps: normal; font-weight: 400;\"><b>Study references<\/b><\/p>\n<p class=\"MsoNormal\" style=\"margin: 0cm 0cm 8pt; line-height: 18.4px; font-size: 12pt; font-family: Aptos, sans-serif; font-style: normal; font-variant-ligatures: normal; font-variant-caps: normal; font-weight: 400;\">Para acesso aos estudos acad\u00eamicos que deram origem ao&nbsp;<b>SSPerform<\/b>, acesse a tese de doutorado<br>(<a style=\"color: #467886; text-decoration-line: underline;\" href=\"https:\/\/www.usf.edu.br\/galeria\/getImage\/427\/2755008502534824.pdf\" target=\"_blank\" rel=\"noopener\">https:\/\/www.usf.edu.br\/galeria\/getImage\/427\/2755008502534824.pdf<\/a>) e artigo acad\u00eamico (<a style=\"color: #467886; text-decoration-line: underline;\" href=\"https:\/\/submission-pepsic.scielo.br\/index.php\/rpot\/article\/view\/24315\" target=\"_blank\" rel=\"noopener\">https:\/\/submission-pepsic.scielo.br\/index.php\/rpot\/article\/view\/24315<\/a>) do autor.<\/p>\t\t\t\t\t\t<\/div>\n\t\t\t\t<\/div>\n\t\t\t\t\t<\/div>\n\t\t<\/div>\n\t\t\t\t\t\t\t<\/div>\n\t\t<\/section>\n\t\t\t\t\t\t\t<\/div>","protected":false},"excerpt":{"rendered":"<p>FUNDAMENTOS Satisfa\u00e7\u00e3o dos Stakeholders Performance teste A m\u00e9trica O&nbsp;SSPerform&nbsp;est\u00e1 fundamentado na teoria dos&nbsp;stakeholders&nbsp;que tem suas ra\u00edzes em 1984 com a publica\u00e7\u00e3o, pelo acad\u00eamico Edward Freeman, do livro&nbsp;Strategic Management: A stakeholder Approach. Mais tarde, Freeman et al. (2010), publicam o artigo: Stackholder Theory:&nbsp;The State of the Art. Em sua ess\u00eancia a teoria dos&nbsp;stakeholders&nbsp;define que o prop\u00f3sito [&hellip;]<\/p>","protected":false},"author":1,"featured_media":0,"parent":0,"menu_order":0,"comment_status":"closed","ping_status":"closed","template":"","meta":{"_mi_skip_tracking":false,"_monsterinsights_sitenote_active":false,"_monsterinsights_sitenote_note":"","_monsterinsights_sitenote_category":0,"footnotes":""},"yoast_head":"<!-- This site is optimized with the Yoast SEO plugin v21.1 - https:\/\/yoast.com\/wordpress\/plugins\/seo\/ -->\n<title>Fundamentos - SSPerform<\/title>\n<meta name=\"robots\" content=\"index, follow, max-snippet:-1, max-image-preview:large, max-video-preview:-1\" \/>\n<link rel=\"canonical\" href=\"https:\/\/ssperform.com.br\/en\/fundamentos\/\" \/>\n<meta property=\"og:locale\" content=\"en_US\" \/>\n<meta property=\"og:type\" content=\"article\" \/>\n<meta property=\"og:title\" content=\"Fundamentos - SSPerform\" \/>\n<meta property=\"og:description\" content=\"FUNDAMENTOS Satisfa\u00e7\u00e3o dos Stakeholders Performance teste A m\u00e9trica O&nbsp;SSPerform&nbsp;est\u00e1 fundamentado na teoria dos&nbsp;stakeholders&nbsp;que tem suas ra\u00edzes em 1984 com a publica\u00e7\u00e3o, pelo acad\u00eamico Edward Freeman, do livro&nbsp;Strategic Management: A stakeholder Approach. Mais tarde, Freeman et al. (2010), publicam o artigo: Stackholder Theory:&nbsp;The State of the Art. Em sua ess\u00eancia a teoria dos&nbsp;stakeholders&nbsp;define que o prop\u00f3sito [&hellip;]\" \/>\n<meta property=\"og:url\" content=\"https:\/\/ssperform.com.br\/en\/fundamentos\/\" \/>\n<meta property=\"og:site_name\" content=\"SSPerform\" \/>\n<meta property=\"article:modified_time\" content=\"2026-03-02T16:32:48+00:00\" \/>\n<meta name=\"twitter:card\" content=\"summary_large_image\" \/>\n<meta name=\"twitter:label1\" content=\"Est. reading time\" \/>\n\t<meta name=\"twitter:data1\" content=\"4 minutes\" \/>\n<script type=\"application\/ld+json\" class=\"yoast-schema-graph\">{\"@context\":\"https:\/\/schema.org\",\"@graph\":[{\"@type\":\"WebPage\",\"@id\":\"https:\/\/ssperform.com.br\/fundamentos\/\",\"url\":\"https:\/\/ssperform.com.br\/fundamentos\/\",\"name\":\"Fundamentos - SSPerform\",\"isPartOf\":{\"@id\":\"https:\/\/ssperform.com.br\/#website\"},\"datePublished\":\"2022-06-15T15:24:57+00:00\",\"dateModified\":\"2026-03-02T16:32:48+00:00\",\"breadcrumb\":{\"@id\":\"https:\/\/ssperform.com.br\/fundamentos\/#breadcrumb\"},\"inLanguage\":\"en-US\",\"potentialAction\":[{\"@type\":\"ReadAction\",\"target\":[\"https:\/\/ssperform.com.br\/fundamentos\/\"]}]},{\"@type\":\"BreadcrumbList\",\"@id\":\"https:\/\/ssperform.com.br\/fundamentos\/#breadcrumb\",\"itemListElement\":[{\"@type\":\"ListItem\",\"position\":1,\"name\":\"In\u00edcio\",\"item\":\"https:\/\/ssperform.com.br\/\"},{\"@type\":\"ListItem\",\"position\":2,\"name\":\"Fundamentos\"}]},{\"@type\":\"WebSite\",\"@id\":\"https:\/\/ssperform.com.br\/#website\",\"url\":\"https:\/\/ssperform.com.br\/\",\"name\":\"SSPerform\",\"description\":\"Performance \u2013 \u00cdndice Geral da empresa\",\"publisher\":{\"@id\":\"https:\/\/ssperform.com.br\/#organization\"},\"potentialAction\":[{\"@type\":\"SearchAction\",\"target\":{\"@type\":\"EntryPoint\",\"urlTemplate\":\"https:\/\/ssperform.com.br\/?s={search_term_string}\"},\"query-input\":\"required name=search_term_string\"}],\"inLanguage\":\"en-US\"},{\"@type\":\"Organization\",\"@id\":\"https:\/\/ssperform.com.br\/#organization\",\"name\":\"SSPerform\",\"url\":\"https:\/\/ssperform.com.br\/\",\"logo\":{\"@type\":\"ImageObject\",\"inLanguage\":\"en-US\",\"@id\":\"https:\/\/ssperform.com.br\/#\/schema\/logo\/image\/\",\"url\":\"https:\/\/ssperform.com.br\/wp-content\/uploads\/2021\/10\/Prancheta-1-copia-3@2x.png\",\"contentUrl\":\"https:\/\/ssperform.com.br\/wp-content\/uploads\/2021\/10\/Prancheta-1-copia-3@2x.png\",\"width\":1135,\"height\":264,\"caption\":\"SSPerform\"},\"image\":{\"@id\":\"https:\/\/ssperform.com.br\/#\/schema\/logo\/image\/\"}}]}<\/script>\n<!-- \/ Yoast SEO plugin. -->","yoast_head_json":{"title":"Fundamentos - SSPerform","robots":{"index":"index","follow":"follow","max-snippet":"max-snippet:-1","max-image-preview":"max-image-preview:large","max-video-preview":"max-video-preview:-1"},"canonical":"https:\/\/ssperform.com.br\/en\/fundamentos\/","og_locale":"en_US","og_type":"article","og_title":"Fundamentos - SSPerform","og_description":"FUNDAMENTOS Satisfa\u00e7\u00e3o dos Stakeholders Performance teste A m\u00e9trica O&nbsp;SSPerform&nbsp;est\u00e1 fundamentado na teoria dos&nbsp;stakeholders&nbsp;que tem suas ra\u00edzes em 1984 com a publica\u00e7\u00e3o, pelo acad\u00eamico Edward Freeman, do livro&nbsp;Strategic Management: A stakeholder Approach. Mais tarde, Freeman et al. (2010), publicam o artigo: Stackholder Theory:&nbsp;The State of the Art. Em sua ess\u00eancia a teoria dos&nbsp;stakeholders&nbsp;define que o prop\u00f3sito [&hellip;]","og_url":"https:\/\/ssperform.com.br\/en\/fundamentos\/","og_site_name":"SSPerform","article_modified_time":"2026-03-02T16:32:48+00:00","twitter_card":"summary_large_image","twitter_misc":{"Est. reading time":"4 minutes"},"schema":{"@context":"https:\/\/schema.org","@graph":[{"@type":"WebPage","@id":"https:\/\/ssperform.com.br\/fundamentos\/","url":"https:\/\/ssperform.com.br\/fundamentos\/","name":"Fundamentos - SSPerform","isPartOf":{"@id":"https:\/\/ssperform.com.br\/#website"},"datePublished":"2022-06-15T15:24:57+00:00","dateModified":"2026-03-02T16:32:48+00:00","breadcrumb":{"@id":"https:\/\/ssperform.com.br\/fundamentos\/#breadcrumb"},"inLanguage":"en-US","potentialAction":[{"@type":"ReadAction","target":["https:\/\/ssperform.com.br\/fundamentos\/"]}]},{"@type":"BreadcrumbList","@id":"https:\/\/ssperform.com.br\/fundamentos\/#breadcrumb","itemListElement":[{"@type":"ListItem","position":1,"name":"In\u00edcio","item":"https:\/\/ssperform.com.br\/"},{"@type":"ListItem","position":2,"name":"Fundamentos"}]},{"@type":"WebSite","@id":"https:\/\/ssperform.com.br\/#website","url":"https:\/\/ssperform.com.br\/","name":"SSPerform","description":"Performance \u2013 \u00cdndice Geral da empresa","publisher":{"@id":"https:\/\/ssperform.com.br\/#organization"},"potentialAction":[{"@type":"SearchAction","target":{"@type":"EntryPoint","urlTemplate":"https:\/\/ssperform.com.br\/?s={search_term_string}"},"query-input":"required name=search_term_string"}],"inLanguage":"en-US"},{"@type":"Organization","@id":"https:\/\/ssperform.com.br\/#organization","name":"SSPerform","url":"https:\/\/ssperform.com.br\/","logo":{"@type":"ImageObject","inLanguage":"en-US","@id":"https:\/\/ssperform.com.br\/#\/schema\/logo\/image\/","url":"https:\/\/ssperform.com.br\/wp-content\/uploads\/2021\/10\/Prancheta-1-copia-3@2x.png","contentUrl":"https:\/\/ssperform.com.br\/wp-content\/uploads\/2021\/10\/Prancheta-1-copia-3@2x.png","width":1135,"height":264,"caption":"SSPerform"},"image":{"@id":"https:\/\/ssperform.com.br\/#\/schema\/logo\/image\/"}}]}},"_links":{"self":[{"href":"https:\/\/ssperform.com.br\/en\/wp-json\/wp\/v2\/pages\/1641"}],"collection":[{"href":"https:\/\/ssperform.com.br\/en\/wp-json\/wp\/v2\/pages"}],"about":[{"href":"https:\/\/ssperform.com.br\/en\/wp-json\/wp\/v2\/types\/page"}],"author":[{"embeddable":true,"href":"https:\/\/ssperform.com.br\/en\/wp-json\/wp\/v2\/users\/1"}],"replies":[{"embeddable":true,"href":"https:\/\/ssperform.com.br\/en\/wp-json\/wp\/v2\/comments?post=1641"}],"version-history":[{"count":64,"href":"https:\/\/ssperform.com.br\/en\/wp-json\/wp\/v2\/pages\/1641\/revisions"}],"predecessor-version":[{"id":3769,"href":"https:\/\/ssperform.com.br\/en\/wp-json\/wp\/v2\/pages\/1641\/revisions\/3769"}],"wp:attachment":[{"href":"https:\/\/ssperform.com.br\/en\/wp-json\/wp\/v2\/media?parent=1641"}],"curies":[{"name":"wp","href":"https:\/\/api.w.org\/{rel}","templated":true}]}}