{"id":319,"date":"2021-10-28T14:04:25","date_gmt":"2021-10-28T17:04:25","guid":{"rendered":"https:\/\/pingteste.com.br\/?page_id=319"},"modified":"2026-03-16T09:12:32","modified_gmt":"2026-03-16T12:12:32","slug":"autor","status":"publish","type":"page","link":"https:\/\/ssperform.com.br\/en\/autor\/","title":{"rendered":"Author"},"content":{"rendered":"<div data-elementor-type=\"wp-page\" data-elementor-id=\"319\" class=\"elementor elementor-319\">\n\t\t\t\t\t\t\t\t\t<section class=\"elementor-section elementor-top-section elementor-element elementor-element-adcc575 elementor-section-content-middle elementor-section-boxed elementor-section-height-default elementor-section-height-default exad-glass-effect-no exad-sticky-section-no\" data-id=\"adcc575\" data-element_type=\"section\" data-settings=\"{&quot;background_background&quot;:&quot;classic&quot;}\">\n\t\t\t\t\t\t<div class=\"elementor-container elementor-column-gap-no\">\n\t\t\t\t\t<div class=\"elementor-column elementor-col-50 elementor-top-column elementor-element elementor-element-7811cd47 exad-glass-effect-no exad-sticky-section-no\" data-id=\"7811cd47\" data-element_type=\"column\">\n\t\t\t<div class=\"elementor-widget-wrap elementor-element-populated\">\n\t\t\t\t\t\t\t\t<div class=\"elementor-element elementor-element-65196b9d exad-glass-effect-no elementor-widget elementor-widget-image\" data-id=\"65196b9d\" data-element_type=\"widget\" data-widget_type=\"image.default\">\n\t\t\t\t<div class=\"elementor-widget-container\">\n\t\t\t\t\t\t\t\t\t\t\t\t\t\t\t<img decoding=\"async\" loading=\"lazy\" width=\"206\" height=\"200\" src=\"https:\/\/ssperform.com.br\/wp-content\/uploads\/2021\/11\/airton.png\" class=\"attachment-full size-full wp-image-721\" alt=\"\" \/>\t\t\t\t\t\t\t\t\t\t\t\t\t\t\t<\/div>\n\t\t\t\t<\/div>\n\t\t\t\t\t<\/div>\n\t\t<\/div>\n\t\t\t\t<div class=\"elementor-column elementor-col-50 elementor-top-column elementor-element elementor-element-111d21a5 exad-glass-effect-no exad-sticky-section-no\" data-id=\"111d21a5\" data-element_type=\"column\">\n\t\t\t<div class=\"elementor-widget-wrap elementor-element-populated\">\n\t\t\t\t\t\t\t\t<div class=\"elementor-element elementor-element-6a33631c exad-sticky-section-no exad-glass-effect-no elementor-widget elementor-widget-heading\" data-id=\"6a33631c\" data-element_type=\"widget\" data-widget_type=\"heading.default\">\n\t\t\t\t<div class=\"elementor-widget-container\">\n\t\t\t<h4 class=\"elementor-heading-title elementor-size-default\">Airton Cicchetto<\/h4>\t\t<\/div>\n\t\t\t\t<\/div>\n\t\t\t\t<div class=\"elementor-element elementor-element-8e1b01f exad-sticky-section-no exad-glass-effect-no elementor-widget elementor-widget-heading\" data-id=\"8e1b01f\" data-element_type=\"widget\" data-widget_type=\"heading.default\">\n\t\t\t\t<div class=\"elementor-widget-container\">\n\t\t\t<h4 class=\"elementor-heading-title elementor-size-default\">Author of SSPerform<\/h4>\t\t<\/div>\n\t\t\t\t<\/div>\n\t\t\t\t<div class=\"elementor-element elementor-element-2ba45a8e exad-sticky-section-no exad-glass-effect-no elementor-widget elementor-widget-text-editor\" data-id=\"2ba45a8e\" data-element_type=\"widget\" data-widget_type=\"text-editor.default\">\n\t\t\t\t<div class=\"elementor-widget-container\">\n\t\t\t\t\t\t\t<ul><li class=\" translation-block\"><span style=\"color: #333333\"><em>Professional with 40+ years of management experience<br>\nWoodbridge | Carborundum | Voith | Unilever<\/li><li><span style=\"color: #333333;\"><em>College professor<\/em><\/span><\/li><li class=\" translation-block\"><span style=\"color: #333333\"><em>Ph.D. in Psychology \u2013 USF | M.Sc. Business \u2013 FGV | Industrial Engineer \u2013 USF<\/em><\/span><\/em><\/li><\/ul>\t\t\t\t\t\t<\/div>\n\t\t\t\t<\/div>\n\t\t\t\t\t<\/div>\n\t\t<\/div>\n\t\t\t\t\t\t\t<\/div>\n\t\t<\/section>\n\t\t\t\t<section class=\"elementor-section elementor-top-section elementor-element elementor-element-85de0e7 elementor-section-content-middle elementor-section-boxed elementor-section-height-default elementor-section-height-default exad-glass-effect-no exad-sticky-section-no\" data-id=\"85de0e7\" data-element_type=\"section\">\n\t\t\t\t\t\t<div class=\"elementor-container elementor-column-gap-no\">\n\t\t\t\t\t<div class=\"elementor-column elementor-col-100 elementor-top-column elementor-element elementor-element-fa99bf0 exad-glass-effect-no exad-sticky-section-no\" data-id=\"fa99bf0\" data-element_type=\"column\">\n\t\t\t<div class=\"elementor-widget-wrap elementor-element-populated\">\n\t\t\t\t\t\t\t\t<div class=\"elementor-element elementor-element-0e941f4 exad-sticky-section-no exad-glass-effect-no elementor-widget elementor-widget-text-editor\" data-id=\"0e941f4\" data-element_type=\"widget\" data-widget_type=\"text-editor.default\">\n\t\t\t\t<div class=\"elementor-widget-container\">\n\t\t\t\t\t\t\t<p><strong>O AUTOR<\/strong><\/p><p>Sob sua gest\u00e3o, o grupo canadense Woodbridge, que atua no setor de autope\u00e7as, expandiu sua presen\u00e7a na regi\u00e3o (A. do Sul) de 3 para 6 f\u00e1bricas, triplicou o n\u00famero de clientes (montadoras) atendidos, alcan\u00e7ou expressiva participa\u00e7\u00e3o de mercado e recebeu diversos pr\u00eamios de clientes e entidades como: Senai, Sebrae, GPTW, entre outras.<\/p><p>At Carborundum (Saint Gobain group) he managed the textile business unit. He managed the product engineering department, and after the commercial and industrial areas of the Irrigation products division. At Carborundum, Voith and Unilever, he also managed product and industrial plant projects.<\/p><p>Graduated (1976) in Industrial Engineering (University San Francisco - Brazil). <br \/>Completed a master's degree (2008) in Business Administration from Funda\u00e7\u00e3o Get\u00falio Vargas \u2013 Brazil, with the dissertation Communication, Motivation, Leadership and Operational Excellence. <br \/>Completed a doctorate in Psychology (2021) from University San Francisco - Brazil with the thesis Assessment of Performance and Organizational Culture from the Perspective of Stakeholder Satisfaction. <br \/>Published (2023) the article Performance Assessed by Stakeholder Satisfaction and Predicted by Organizational Culture. <br \/>Published (2012) the book Simples Complexo Gerencial \u2013 Simplificando a gest\u00e3o.<br \/>Published several articles on organizational management.<\/p>\t\t\t\t\t\t<\/div>\n\t\t\t\t<\/div>\n\t\t\t\t\t<\/div>\n\t\t<\/div>\n\t\t\t\t\t\t\t<\/div>\n\t\t<\/section>\n\t\t\t\t\t\t\t<\/div>","protected":false},"excerpt":{"rendered":"<p>Airton Cicchetto Autor do SSPerform Profissional com 40+ anos de experi\u00eancia em gest\u00e3oWoodbridge | Carborundum | Voith | Unilever Professor universit\u00e1rio Dr. em Psicologia \u2013 USF | Ms. Adm. Empresas \u2013 FGV | Engenheiro industrial \u2013 USF O AUTOR Sob sua gest\u00e3o, o grupo canadense Woodbridge, que atua no setor de autope\u00e7as, expandiu sua presen\u00e7a [&hellip;]<\/p>","protected":false},"author":1,"featured_media":0,"parent":0,"menu_order":0,"comment_status":"closed","ping_status":"closed","template":"","meta":{"_mi_skip_tracking":false,"_monsterinsights_sitenote_active":false,"_monsterinsights_sitenote_note":"","_monsterinsights_sitenote_category":0,"footnotes":""},"yoast_head":"<!-- This site is optimized with the Yoast SEO plugin v21.1 - https:\/\/yoast.com\/wordpress\/plugins\/seo\/ -->\n<title>Autor - SSPerform<\/title>\n<meta name=\"robots\" content=\"index, follow, max-snippet:-1, max-image-preview:large, max-video-preview:-1\" \/>\n<link rel=\"canonical\" href=\"https:\/\/ssperform.com.br\/en\/autor\/\" \/>\n<meta property=\"og:locale\" content=\"en_US\" \/>\n<meta property=\"og:type\" content=\"article\" \/>\n<meta property=\"og:title\" content=\"Autor - SSPerform\" \/>\n<meta property=\"og:description\" content=\"Airton Cicchetto Autor do SSPerform Profissional com 40+ anos de experi\u00eancia em gest\u00e3oWoodbridge | Carborundum | Voith | Unilever Professor universit\u00e1rio Dr. em Psicologia \u2013 USF | Ms. Adm. Empresas \u2013 FGV | Engenheiro industrial \u2013 USF O AUTOR Sob sua gest\u00e3o, o grupo canadense Woodbridge, que atua no setor de autope\u00e7as, expandiu sua presen\u00e7a [&hellip;]\" \/>\n<meta property=\"og:url\" content=\"https:\/\/ssperform.com.br\/en\/autor\/\" \/>\n<meta property=\"og:site_name\" content=\"SSPerform\" \/>\n<meta property=\"article:modified_time\" content=\"2026-03-16T12:12:32+00:00\" \/>\n<meta property=\"og:image\" content=\"https:\/\/ssperform.com.br\/wp-content\/uploads\/2021\/11\/airton.png\" \/>\n<meta name=\"twitter:card\" content=\"summary_large_image\" \/>\n<meta name=\"twitter:label1\" content=\"Est. reading time\" \/>\n\t<meta name=\"twitter:data1\" content=\"2 minutes\" \/>\n<script type=\"application\/ld+json\" class=\"yoast-schema-graph\">{\"@context\":\"https:\/\/schema.org\",\"@graph\":[{\"@type\":\"WebPage\",\"@id\":\"https:\/\/ssperform.com.br\/autor\/\",\"url\":\"https:\/\/ssperform.com.br\/autor\/\",\"name\":\"Autor - SSPerform\",\"isPartOf\":{\"@id\":\"https:\/\/ssperform.com.br\/#website\"},\"datePublished\":\"2021-10-28T17:04:25+00:00\",\"dateModified\":\"2026-03-16T12:12:32+00:00\",\"breadcrumb\":{\"@id\":\"https:\/\/ssperform.com.br\/autor\/#breadcrumb\"},\"inLanguage\":\"en-US\",\"potentialAction\":[{\"@type\":\"ReadAction\",\"target\":[\"https:\/\/ssperform.com.br\/autor\/\"]}]},{\"@type\":\"BreadcrumbList\",\"@id\":\"https:\/\/ssperform.com.br\/autor\/#breadcrumb\",\"itemListElement\":[{\"@type\":\"ListItem\",\"position\":1,\"name\":\"In\u00edcio\",\"item\":\"https:\/\/ssperform.com.br\/\"},{\"@type\":\"ListItem\",\"position\":2,\"name\":\"Autor\"}]},{\"@type\":\"WebSite\",\"@id\":\"https:\/\/ssperform.com.br\/#website\",\"url\":\"https:\/\/ssperform.com.br\/\",\"name\":\"SSPerform\",\"description\":\"Performance \u2013 \u00cdndice Geral da empresa\",\"publisher\":{\"@id\":\"https:\/\/ssperform.com.br\/#organization\"},\"potentialAction\":[{\"@type\":\"SearchAction\",\"target\":{\"@type\":\"EntryPoint\",\"urlTemplate\":\"https:\/\/ssperform.com.br\/?s={search_term_string}\"},\"query-input\":\"required name=search_term_string\"}],\"inLanguage\":\"en-US\"},{\"@type\":\"Organization\",\"@id\":\"https:\/\/ssperform.com.br\/#organization\",\"name\":\"SSPerform\",\"url\":\"https:\/\/ssperform.com.br\/\",\"logo\":{\"@type\":\"ImageObject\",\"inLanguage\":\"en-US\",\"@id\":\"https:\/\/ssperform.com.br\/#\/schema\/logo\/image\/\",\"url\":\"https:\/\/ssperform.com.br\/wp-content\/uploads\/2021\/10\/Prancheta-1-copia-3@2x.png\",\"contentUrl\":\"https:\/\/ssperform.com.br\/wp-content\/uploads\/2021\/10\/Prancheta-1-copia-3@2x.png\",\"width\":1135,\"height\":264,\"caption\":\"SSPerform\"},\"image\":{\"@id\":\"https:\/\/ssperform.com.br\/#\/schema\/logo\/image\/\"}}]}<\/script>\n<!-- \/ Yoast SEO plugin. -->","yoast_head_json":{"title":"Autor - SSPerform","robots":{"index":"index","follow":"follow","max-snippet":"max-snippet:-1","max-image-preview":"max-image-preview:large","max-video-preview":"max-video-preview:-1"},"canonical":"https:\/\/ssperform.com.br\/en\/autor\/","og_locale":"en_US","og_type":"article","og_title":"Autor - SSPerform","og_description":"Airton Cicchetto Autor do SSPerform Profissional com 40+ anos de experi\u00eancia em gest\u00e3oWoodbridge | Carborundum | Voith | Unilever Professor universit\u00e1rio Dr. em Psicologia \u2013 USF | Ms. Adm. Empresas \u2013 FGV | Engenheiro industrial \u2013 USF O AUTOR Sob sua gest\u00e3o, o grupo canadense Woodbridge, que atua no setor de autope\u00e7as, expandiu sua presen\u00e7a [&hellip;]","og_url":"https:\/\/ssperform.com.br\/en\/autor\/","og_site_name":"SSPerform","article_modified_time":"2026-03-16T12:12:32+00:00","og_image":[{"url":"https:\/\/ssperform.com.br\/wp-content\/uploads\/2021\/11\/airton.png"}],"twitter_card":"summary_large_image","twitter_misc":{"Est. reading time":"2 minutes"},"schema":{"@context":"https:\/\/schema.org","@graph":[{"@type":"WebPage","@id":"https:\/\/ssperform.com.br\/autor\/","url":"https:\/\/ssperform.com.br\/autor\/","name":"Autor - SSPerform","isPartOf":{"@id":"https:\/\/ssperform.com.br\/#website"},"datePublished":"2021-10-28T17:04:25+00:00","dateModified":"2026-03-16T12:12:32+00:00","breadcrumb":{"@id":"https:\/\/ssperform.com.br\/autor\/#breadcrumb"},"inLanguage":"en-US","potentialAction":[{"@type":"ReadAction","target":["https:\/\/ssperform.com.br\/autor\/"]}]},{"@type":"BreadcrumbList","@id":"https:\/\/ssperform.com.br\/autor\/#breadcrumb","itemListElement":[{"@type":"ListItem","position":1,"name":"In\u00edcio","item":"https:\/\/ssperform.com.br\/"},{"@type":"ListItem","position":2,"name":"Autor"}]},{"@type":"WebSite","@id":"https:\/\/ssperform.com.br\/#website","url":"https:\/\/ssperform.com.br\/","name":"SSPerform","description":"Performance \u2013 \u00cdndice Geral da empresa","publisher":{"@id":"https:\/\/ssperform.com.br\/#organization"},"potentialAction":[{"@type":"SearchAction","target":{"@type":"EntryPoint","urlTemplate":"https:\/\/ssperform.com.br\/?s={search_term_string}"},"query-input":"required name=search_term_string"}],"inLanguage":"en-US"},{"@type":"Organization","@id":"https:\/\/ssperform.com.br\/#organization","name":"SSPerform","url":"https:\/\/ssperform.com.br\/","logo":{"@type":"ImageObject","inLanguage":"en-US","@id":"https:\/\/ssperform.com.br\/#\/schema\/logo\/image\/","url":"https:\/\/ssperform.com.br\/wp-content\/uploads\/2021\/10\/Prancheta-1-copia-3@2x.png","contentUrl":"https:\/\/ssperform.com.br\/wp-content\/uploads\/2021\/10\/Prancheta-1-copia-3@2x.png","width":1135,"height":264,"caption":"SSPerform"},"image":{"@id":"https:\/\/ssperform.com.br\/#\/schema\/logo\/image\/"}}]}},"_links":{"self":[{"href":"https:\/\/ssperform.com.br\/en\/wp-json\/wp\/v2\/pages\/319"}],"collection":[{"href":"https:\/\/ssperform.com.br\/en\/wp-json\/wp\/v2\/pages"}],"about":[{"href":"https:\/\/ssperform.com.br\/en\/wp-json\/wp\/v2\/types\/page"}],"author":[{"embeddable":true,"href":"https:\/\/ssperform.com.br\/en\/wp-json\/wp\/v2\/users\/1"}],"replies":[{"embeddable":true,"href":"https:\/\/ssperform.com.br\/en\/wp-json\/wp\/v2\/comments?post=319"}],"version-history":[{"count":85,"href":"https:\/\/ssperform.com.br\/en\/wp-json\/wp\/v2\/pages\/319\/revisions"}],"predecessor-version":[{"id":3805,"href":"https:\/\/ssperform.com.br\/en\/wp-json\/wp\/v2\/pages\/319\/revisions\/3805"}],"wp:attachment":[{"href":"https:\/\/ssperform.com.br\/en\/wp-json\/wp\/v2\/media?parent=319"}],"curies":[{"name":"wp","href":"https:\/\/api.w.org\/{rel}","templated":true}]}}