{"id":323,"date":"2021-10-28T14:04:46","date_gmt":"2021-10-28T17:04:46","guid":{"rendered":"https:\/\/pingteste.com.br\/?page_id=323"},"modified":"2021-11-24T13:23:17","modified_gmt":"2021-11-24T16:23:17","slug":"ajuda","status":"publish","type":"page","link":"https:\/\/ssperform.com.br\/en\/ajuda\/","title":{"rendered":"Support"},"content":{"rendered":"<div data-elementor-type=\"wp-page\" data-elementor-id=\"323\" class=\"elementor elementor-323\">\n\t\t\t\t\t\t\t\t\t<section class=\"elementor-section elementor-top-section elementor-element elementor-element-e344318 elementor-section-boxed elementor-section-height-default elementor-section-height-default exad-glass-effect-no exad-sticky-section-no\" data-id=\"e344318\" data-element_type=\"section\">\n\t\t\t\t\t\t<div class=\"elementor-container elementor-column-gap-default\">\n\t\t\t\t\t<div class=\"elementor-column elementor-col-100 elementor-top-column elementor-element elementor-element-9cce35f exad-glass-effect-no exad-sticky-section-no\" data-id=\"9cce35f\" data-element_type=\"column\">\n\t\t\t<div class=\"elementor-widget-wrap elementor-element-populated\">\n\t\t\t\t\t\t\t\t<div class=\"elementor-element elementor-element-68faa913 exad-sticky-section-no exad-glass-effect-no elementor-widget elementor-widget-heading\" data-id=\"68faa913\" data-element_type=\"widget\" data-widget_type=\"heading.default\">\n\t\t\t\t<div class=\"elementor-widget-container\">\n\t\t\t<h4 class=\"elementor-heading-title elementor-size-default\">FAQ<\/h4>\t\t<\/div>\n\t\t\t\t<\/div>\n\t\t\t\t<div class=\"elementor-element elementor-element-ebd1ef1 exad-sticky-section-no exad-glass-effect-no elementor-widget elementor-widget-heading\" data-id=\"ebd1ef1\" data-element_type=\"widget\" data-widget_type=\"heading.default\">\n\t\t\t\t<div class=\"elementor-widget-container\">\n\t\t\t<h5 class=\"elementor-heading-title elementor-size-default\">Confira algumas d\u00favidas frequentes<\/h5>\t\t<\/div>\n\t\t\t\t<\/div>\n\t\t\t\t<div class=\"elementor-element elementor-element-25206b94 exad-sticky-section-no exad-glass-effect-no elementor-widget elementor-widget-toggle\" data-id=\"25206b94\" data-element_type=\"widget\" data-widget_type=\"toggle.default\">\n\t\t\t\t<div class=\"elementor-widget-container\">\n\t\t\t\t\t<div class=\"elementor-toggle\">\n\t\t\t\t\t\t\t<div class=\"elementor-toggle-item\">\n\t\t\t\t\t<div id=\"elementor-tab-title-6221\" class=\"elementor-tab-title\" data-tab=\"1\" role=\"button\" aria-controls=\"elementor-tab-content-6221\" aria-expanded=\"false\">\n\t\t\t\t\t\t\t\t\t\t\t\t<span class=\"elementor-toggle-icon elementor-toggle-icon-right\" aria-hidden=\"true\">\n\t\t\t\t\t\t\t\t\t\t\t\t\t\t\t<span class=\"elementor-toggle-icon-closed\"><i class=\"fas fa-caret-right\"><\/i><\/span>\n\t\t\t\t\t\t\t\t<span class=\"elementor-toggle-icon-opened\"><i class=\"elementor-toggle-icon-opened fas fa-caret-up\"><\/i><\/span>\n\t\t\t\t\t\t\t\t\t\t\t\t\t<\/span>\n\t\t\t\t\t\t\t\t\t\t\t\t<a class=\"elementor-toggle-title\" tabindex=\"0\">O nome da empresa \u00e9 identificado?<\/a>\n\t\t\t\t\t<\/div>\n\n\t\t\t\t\t<div id=\"elementor-tab-content-6221\" class=\"elementor-tab-content elementor-clearfix\" data-tab=\"1\" role=\"region\" aria-labelledby=\"elementor-tab-title-6221\"><p>N\u00e3o. A empresa n\u00e3o insere seu nome ou sua identifica\u00e7\u00e3o no <b>PING<\/b>teste.<\/p><\/div>\n\t\t\t\t<\/div>\n\t\t\t\t\t\t\t<div class=\"elementor-toggle-item\">\n\t\t\t\t\t<div id=\"elementor-tab-title-6222\" class=\"elementor-tab-title\" data-tab=\"2\" role=\"button\" aria-controls=\"elementor-tab-content-6222\" aria-expanded=\"false\">\n\t\t\t\t\t\t\t\t\t\t\t\t<span class=\"elementor-toggle-icon elementor-toggle-icon-right\" aria-hidden=\"true\">\n\t\t\t\t\t\t\t\t\t\t\t\t\t\t\t<span class=\"elementor-toggle-icon-closed\"><i class=\"fas fa-caret-right\"><\/i><\/span>\n\t\t\t\t\t\t\t\t<span class=\"elementor-toggle-icon-opened\"><i class=\"elementor-toggle-icon-opened fas fa-caret-up\"><\/i><\/span>\n\t\t\t\t\t\t\t\t\t\t\t\t\t<\/span>\n\t\t\t\t\t\t\t\t\t\t\t\t<a class=\"elementor-toggle-title\" tabindex=\"0\">O nome do colaborador da empresa \u00e9 identificado?<\/a>\n\t\t\t\t\t<\/div>\n\n\t\t\t\t\t<div id=\"elementor-tab-content-6222\" class=\"elementor-tab-content elementor-clearfix\" data-tab=\"2\" role=\"region\" aria-labelledby=\"elementor-tab-title-6222\"><p>N\u00e3o. O colaborador n\u00e3o insere seu nome ou sua identifica\u00e7\u00e3o ao responder o <b>PING<\/b>teste.<\/p><\/div>\n\t\t\t\t<\/div>\n\t\t\t\t\t\t\t<div class=\"elementor-toggle-item\">\n\t\t\t\t\t<div id=\"elementor-tab-title-6223\" class=\"elementor-tab-title\" data-tab=\"3\" role=\"button\" aria-controls=\"elementor-tab-content-6223\" aria-expanded=\"false\">\n\t\t\t\t\t\t\t\t\t\t\t\t<span class=\"elementor-toggle-icon elementor-toggle-icon-right\" aria-hidden=\"true\">\n\t\t\t\t\t\t\t\t\t\t\t\t\t\t\t<span class=\"elementor-toggle-icon-closed\"><i class=\"fas fa-caret-right\"><\/i><\/span>\n\t\t\t\t\t\t\t\t<span class=\"elementor-toggle-icon-opened\"><i class=\"elementor-toggle-icon-opened fas fa-caret-up\"><\/i><\/span>\n\t\t\t\t\t\t\t\t\t\t\t\t\t<\/span>\n\t\t\t\t\t\t\t\t\t\t\t\t<a class=\"elementor-toggle-title\" tabindex=\"0\">Como \u00e9 feito o registro da empresa no PINGteste?<\/a>\n\t\t\t\t\t<\/div>\n\n\t\t\t\t\t<div id=\"elementor-tab-content-6223\" class=\"elementor-tab-content elementor-clearfix\" data-tab=\"3\" role=\"region\" aria-labelledby=\"elementor-tab-title-6223\"><p>No ato da contrata\u00e7\u00e3o do <b>PING<\/b>teste o gestor recebe um n\u00famero de usu\u00e1rio e cadastra sua pr\u00f3pria senha de acesso.<\/p><\/div>\n\t\t\t\t<\/div>\n\t\t\t\t\t\t\t<div class=\"elementor-toggle-item\">\n\t\t\t\t\t<div id=\"elementor-tab-title-6224\" class=\"elementor-tab-title\" data-tab=\"4\" role=\"button\" aria-controls=\"elementor-tab-content-6224\" aria-expanded=\"false\">\n\t\t\t\t\t\t\t\t\t\t\t\t<span class=\"elementor-toggle-icon elementor-toggle-icon-right\" aria-hidden=\"true\">\n\t\t\t\t\t\t\t\t\t\t\t\t\t\t\t<span class=\"elementor-toggle-icon-closed\"><i class=\"fas fa-caret-right\"><\/i><\/span>\n\t\t\t\t\t\t\t\t<span class=\"elementor-toggle-icon-opened\"><i class=\"elementor-toggle-icon-opened fas fa-caret-up\"><\/i><\/span>\n\t\t\t\t\t\t\t\t\t\t\t\t\t<\/span>\n\t\t\t\t\t\t\t\t\t\t\t\t<a class=\"elementor-toggle-title\" tabindex=\"0\">\u00c9 necess\u00e1rio inserir um endere\u00e7o de e-mail no PINGteste?<\/a>\n\t\t\t\t\t<\/div>\n\n\t\t\t\t\t<div id=\"elementor-tab-content-6224\" class=\"elementor-tab-content elementor-clearfix\" data-tab=\"4\" role=\"region\" aria-labelledby=\"elementor-tab-title-6224\"><p>N\u00e3o. N\u00e3o \u00e9 necess\u00e1rio inserir endere\u00e7o de e-mail para contratar, para responder ou para acessar seus resultados posteriormente.<\/p><\/div>\n\t\t\t\t<\/div>\n\t\t\t\t\t\t\t<div class=\"elementor-toggle-item\">\n\t\t\t\t\t<div id=\"elementor-tab-title-6225\" class=\"elementor-tab-title\" data-tab=\"5\" role=\"button\" aria-controls=\"elementor-tab-content-6225\" aria-expanded=\"false\">\n\t\t\t\t\t\t\t\t\t\t\t\t<span class=\"elementor-toggle-icon elementor-toggle-icon-right\" aria-hidden=\"true\">\n\t\t\t\t\t\t\t\t\t\t\t\t\t\t\t<span class=\"elementor-toggle-icon-closed\"><i class=\"fas fa-caret-right\"><\/i><\/span>\n\t\t\t\t\t\t\t\t<span class=\"elementor-toggle-icon-opened\"><i class=\"elementor-toggle-icon-opened fas fa-caret-up\"><\/i><\/span>\n\t\t\t\t\t\t\t\t\t\t\t\t\t<\/span>\n\t\t\t\t\t\t\t\t\t\t\t\t<a class=\"elementor-toggle-title\" tabindex=\"0\">Os resultados do PINGteste podem ser baixados para minha m\u00e1quina.<\/a>\n\t\t\t\t\t<\/div>\n\n\t\t\t\t\t<div id=\"elementor-tab-content-6225\" class=\"elementor-tab-content elementor-clearfix\" data-tab=\"5\" role=\"region\" aria-labelledby=\"elementor-tab-title-6225\"><p>Sim. Seu relat\u00f3rio de devolutiva dos resultados podem ser baixados em .PDF<\/p><\/div>\n\t\t\t\t<\/div>\n\t\t\t\t\t\t\t\t<\/div>\n\t\t\t\t<\/div>\n\t\t\t\t<\/div>\n\t\t\t\t\t<\/div>\n\t\t<\/div>\n\t\t\t\t\t\t\t<\/div>\n\t\t<\/section>\n\t\t\t\t\t\t\t<\/div>","protected":false},"excerpt":{"rendered":"<p>FAQ Confira algumas d\u00favidas frequentes O nome da empresa \u00e9 identificado? N\u00e3o. A empresa n\u00e3o insere seu nome ou sua identifica\u00e7\u00e3o no PINGteste. O nome do colaborador da empresa \u00e9 identificado? N\u00e3o. O colaborador n\u00e3o insere seu nome ou sua identifica\u00e7\u00e3o ao responder o PINGteste. Como \u00e9 feito o registro da empresa no PINGteste? No [&hellip;]<\/p>","protected":false},"author":1,"featured_media":0,"parent":0,"menu_order":0,"comment_status":"closed","ping_status":"closed","template":"","meta":{"_mi_skip_tracking":false,"_monsterinsights_sitenote_active":false,"_monsterinsights_sitenote_note":"","_monsterinsights_sitenote_category":0,"footnotes":""},"yoast_head":"<!-- This site is optimized with the Yoast SEO plugin v21.1 - https:\/\/yoast.com\/wordpress\/plugins\/seo\/ -->\n<title>Ajuda - SSPerform<\/title>\n<meta name=\"robots\" content=\"index, follow, max-snippet:-1, max-image-preview:large, max-video-preview:-1\" \/>\n<link rel=\"canonical\" href=\"https:\/\/ssperform.com.br\/en\/ajuda\/\" \/>\n<meta property=\"og:locale\" content=\"en_US\" \/>\n<meta property=\"og:type\" content=\"article\" \/>\n<meta property=\"og:title\" content=\"Ajuda - SSPerform\" \/>\n<meta property=\"og:description\" content=\"FAQ Confira algumas d\u00favidas frequentes O nome da empresa \u00e9 identificado? N\u00e3o. A empresa n\u00e3o insere seu nome ou sua identifica\u00e7\u00e3o no PINGteste. O nome do colaborador da empresa \u00e9 identificado? N\u00e3o. O colaborador n\u00e3o insere seu nome ou sua identifica\u00e7\u00e3o ao responder o PINGteste. Como \u00e9 feito o registro da empresa no PINGteste? No [&hellip;]\" \/>\n<meta property=\"og:url\" content=\"https:\/\/ssperform.com.br\/en\/ajuda\/\" \/>\n<meta property=\"og:site_name\" content=\"SSPerform\" \/>\n<meta property=\"article:modified_time\" content=\"2021-11-24T16:23:17+00:00\" \/>\n<meta name=\"twitter:card\" content=\"summary_large_image\" \/>\n<meta name=\"twitter:label1\" content=\"Est. reading time\" \/>\n\t<meta name=\"twitter:data1\" content=\"1 minute\" \/>\n<script type=\"application\/ld+json\" class=\"yoast-schema-graph\">{\"@context\":\"https:\/\/schema.org\",\"@graph\":[{\"@type\":\"WebPage\",\"@id\":\"https:\/\/ssperform.com.br\/en\/ajuda\/\",\"url\":\"https:\/\/ssperform.com.br\/en\/ajuda\/\",\"name\":\"Ajuda - SSPerform\",\"isPartOf\":{\"@id\":\"https:\/\/ssperform.com.br\/#website\"},\"datePublished\":\"2021-10-28T17:04:46+00:00\",\"dateModified\":\"2021-11-24T16:23:17+00:00\",\"breadcrumb\":{\"@id\":\"https:\/\/ssperform.com.br\/en\/ajuda\/#breadcrumb\"},\"inLanguage\":\"en-US\",\"potentialAction\":[{\"@type\":\"ReadAction\",\"target\":[\"https:\/\/ssperform.com.br\/en\/ajuda\/\"]}]},{\"@type\":\"BreadcrumbList\",\"@id\":\"https:\/\/ssperform.com.br\/en\/ajuda\/#breadcrumb\",\"itemListElement\":[{\"@type\":\"ListItem\",\"position\":1,\"name\":\"In\u00edcio\",\"item\":\"https:\/\/ssperform.com.br\/\"},{\"@type\":\"ListItem\",\"position\":2,\"name\":\"Ajuda\"}]},{\"@type\":\"WebSite\",\"@id\":\"https:\/\/ssperform.com.br\/#website\",\"url\":\"https:\/\/ssperform.com.br\/\",\"name\":\"SSPerform\",\"description\":\"Performance \u2013 \u00cdndice Geral da empresa\",\"publisher\":{\"@id\":\"https:\/\/ssperform.com.br\/#organization\"},\"potentialAction\":[{\"@type\":\"SearchAction\",\"target\":{\"@type\":\"EntryPoint\",\"urlTemplate\":\"https:\/\/ssperform.com.br\/?s={search_term_string}\"},\"query-input\":\"required name=search_term_string\"}],\"inLanguage\":\"en-US\"},{\"@type\":\"Organization\",\"@id\":\"https:\/\/ssperform.com.br\/#organization\",\"name\":\"SSPerform\",\"url\":\"https:\/\/ssperform.com.br\/\",\"logo\":{\"@type\":\"ImageObject\",\"inLanguage\":\"en-US\",\"@id\":\"https:\/\/ssperform.com.br\/#\/schema\/logo\/image\/\",\"url\":\"https:\/\/ssperform.com.br\/wp-content\/uploads\/2021\/10\/Prancheta-1-copia-3@2x.png\",\"contentUrl\":\"https:\/\/ssperform.com.br\/wp-content\/uploads\/2021\/10\/Prancheta-1-copia-3@2x.png\",\"width\":1135,\"height\":264,\"caption\":\"SSPerform\"},\"image\":{\"@id\":\"https:\/\/ssperform.com.br\/#\/schema\/logo\/image\/\"}}]}<\/script>\n<!-- \/ Yoast SEO plugin. -->","yoast_head_json":{"title":"Ajuda - SSPerform","robots":{"index":"index","follow":"follow","max-snippet":"max-snippet:-1","max-image-preview":"max-image-preview:large","max-video-preview":"max-video-preview:-1"},"canonical":"https:\/\/ssperform.com.br\/en\/ajuda\/","og_locale":"en_US","og_type":"article","og_title":"Ajuda - SSPerform","og_description":"FAQ Confira algumas d\u00favidas frequentes O nome da empresa \u00e9 identificado? N\u00e3o. A empresa n\u00e3o insere seu nome ou sua identifica\u00e7\u00e3o no PINGteste. O nome do colaborador da empresa \u00e9 identificado? N\u00e3o. O colaborador n\u00e3o insere seu nome ou sua identifica\u00e7\u00e3o ao responder o PINGteste. Como \u00e9 feito o registro da empresa no PINGteste? No [&hellip;]","og_url":"https:\/\/ssperform.com.br\/en\/ajuda\/","og_site_name":"SSPerform","article_modified_time":"2021-11-24T16:23:17+00:00","twitter_card":"summary_large_image","twitter_misc":{"Est. reading time":"1 minute"},"schema":{"@context":"https:\/\/schema.org","@graph":[{"@type":"WebPage","@id":"https:\/\/ssperform.com.br\/en\/ajuda\/","url":"https:\/\/ssperform.com.br\/en\/ajuda\/","name":"Ajuda - SSPerform","isPartOf":{"@id":"https:\/\/ssperform.com.br\/#website"},"datePublished":"2021-10-28T17:04:46+00:00","dateModified":"2021-11-24T16:23:17+00:00","breadcrumb":{"@id":"https:\/\/ssperform.com.br\/en\/ajuda\/#breadcrumb"},"inLanguage":"en-US","potentialAction":[{"@type":"ReadAction","target":["https:\/\/ssperform.com.br\/en\/ajuda\/"]}]},{"@type":"BreadcrumbList","@id":"https:\/\/ssperform.com.br\/en\/ajuda\/#breadcrumb","itemListElement":[{"@type":"ListItem","position":1,"name":"In\u00edcio","item":"https:\/\/ssperform.com.br\/"},{"@type":"ListItem","position":2,"name":"Ajuda"}]},{"@type":"WebSite","@id":"https:\/\/ssperform.com.br\/#website","url":"https:\/\/ssperform.com.br\/","name":"SSPerform","description":"Performance \u2013 \u00cdndice Geral da empresa","publisher":{"@id":"https:\/\/ssperform.com.br\/#organization"},"potentialAction":[{"@type":"SearchAction","target":{"@type":"EntryPoint","urlTemplate":"https:\/\/ssperform.com.br\/?s={search_term_string}"},"query-input":"required name=search_term_string"}],"inLanguage":"en-US"},{"@type":"Organization","@id":"https:\/\/ssperform.com.br\/#organization","name":"SSPerform","url":"https:\/\/ssperform.com.br\/","logo":{"@type":"ImageObject","inLanguage":"en-US","@id":"https:\/\/ssperform.com.br\/#\/schema\/logo\/image\/","url":"https:\/\/ssperform.com.br\/wp-content\/uploads\/2021\/10\/Prancheta-1-copia-3@2x.png","contentUrl":"https:\/\/ssperform.com.br\/wp-content\/uploads\/2021\/10\/Prancheta-1-copia-3@2x.png","width":1135,"height":264,"caption":"SSPerform"},"image":{"@id":"https:\/\/ssperform.com.br\/#\/schema\/logo\/image\/"}}]}},"_links":{"self":[{"href":"https:\/\/ssperform.com.br\/en\/wp-json\/wp\/v2\/pages\/323"}],"collection":[{"href":"https:\/\/ssperform.com.br\/en\/wp-json\/wp\/v2\/pages"}],"about":[{"href":"https:\/\/ssperform.com.br\/en\/wp-json\/wp\/v2\/types\/page"}],"author":[{"embeddable":true,"href":"https:\/\/ssperform.com.br\/en\/wp-json\/wp\/v2\/users\/1"}],"replies":[{"embeddable":true,"href":"https:\/\/ssperform.com.br\/en\/wp-json\/wp\/v2\/comments?post=323"}],"version-history":[{"count":25,"href":"https:\/\/ssperform.com.br\/en\/wp-json\/wp\/v2\/pages\/323\/revisions"}],"predecessor-version":[{"id":819,"href":"https:\/\/ssperform.com.br\/en\/wp-json\/wp\/v2\/pages\/323\/revisions\/819"}],"wp:attachment":[{"href":"https:\/\/ssperform.com.br\/en\/wp-json\/wp\/v2\/media?parent=323"}],"curies":[{"name":"wp","href":"https:\/\/api.w.org\/{rel}","templated":true}]}}