{"id":327,"date":"2021-10-28T14:05:14","date_gmt":"2021-10-28T17:05:14","guid":{"rendered":"https:\/\/pingteste.com.br\/?page_id=327"},"modified":"2025-11-26T13:30:52","modified_gmt":"2025-11-26T16:30:52","slug":"o-pingteste","status":"publish","type":"page","link":"https:\/\/ssperform.com.br\/en\/","title":{"rendered":"Home"},"content":{"rendered":"<div data-elementor-type=\"wp-page\" data-elementor-id=\"327\" class=\"elementor elementor-327\">\n\t\t\t\t\t\t\t\t\t<section class=\"elementor-section elementor-top-section elementor-element elementor-element-a99c330 elementor-section-full_width elementor-section-height-default elementor-section-height-default exad-glass-effect-no exad-sticky-section-no\" data-id=\"a99c330\" data-element_type=\"section\">\n\t\t\t\t\t\t<div class=\"elementor-container elementor-column-gap-no\">\n\t\t\t\t\t<div class=\"elementor-column elementor-col-100 elementor-top-column elementor-element elementor-element-a2c350f exad-glass-effect-no exad-sticky-section-no\" data-id=\"a2c350f\" data-element_type=\"column\">\n\t\t\t<div class=\"elementor-widget-wrap elementor-element-populated\">\n\t\t\t\t\t\t\t\t\t<\/div>\n\t\t<\/div>\n\t\t\t\t\t\t\t<\/div>\n\t\t<\/section>\n\t\t\t\t<section class=\"elementor-section elementor-top-section elementor-element elementor-element-d66f7fd elementor-section-full_width elementor-section-height-default elementor-section-height-default exad-glass-effect-no exad-sticky-section-no\" data-id=\"d66f7fd\" data-element_type=\"section\">\n\t\t\t\t\t\t<div class=\"elementor-container elementor-column-gap-no\">\n\t\t\t\t\t<div class=\"elementor-column elementor-col-100 elementor-top-column elementor-element elementor-element-665fc0b exad-glass-effect-no exad-sticky-section-no\" data-id=\"665fc0b\" data-element_type=\"column\">\n\t\t\t<div class=\"elementor-widget-wrap elementor-element-populated\">\n\t\t\t\t\t\t\t\t\t<\/div>\n\t\t<\/div>\n\t\t\t\t\t\t\t<\/div>\n\t\t<\/section>\n\t\t\t\t<section class=\"elementor-section elementor-top-section elementor-element elementor-element-4b43df05 elementor-section-content-middle elementor-section-boxed elementor-section-height-default elementor-section-height-default exad-glass-effect-no exad-sticky-section-no\" data-id=\"4b43df05\" data-element_type=\"section\">\n\t\t\t\t\t\t<div class=\"elementor-container elementor-column-gap-no\">\n\t\t\t\t\t<div class=\"elementor-column elementor-col-100 elementor-top-column elementor-element elementor-element-2e64de8 exad-glass-effect-no exad-sticky-section-no\" data-id=\"2e64de8\" data-element_type=\"column\">\n\t\t\t<div class=\"elementor-widget-wrap elementor-element-populated\">\n\t\t\t\t\t\t\t\t<div class=\"elementor-element elementor-element-ac920cf exad-sticky-section-no exad-glass-effect-no elementor-widget elementor-widget-heading\" data-id=\"ac920cf\" data-element_type=\"widget\" data-widget_type=\"heading.default\">\n\t\t\t\t<div class=\"elementor-widget-container\">\n\t\t\t<h4 class=\"elementor-heading-title elementor-size-default\">Satisfa\u00e7\u00e3o dos Stakeholders Performance Teste<\/h4>\t\t<\/div>\n\t\t\t\t<\/div>\n\t\t\t\t<section class=\"elementor-section elementor-inner-section elementor-element elementor-element-c3bcd9a elementor-section-boxed elementor-section-height-default elementor-section-height-default exad-glass-effect-no exad-sticky-section-no\" data-id=\"c3bcd9a\" data-element_type=\"section\">\n\t\t\t\t\t\t<div class=\"elementor-container elementor-column-gap-default\">\n\t\t\t\t\t<div class=\"elementor-column elementor-col-50 elementor-inner-column elementor-element elementor-element-2852861 exad-glass-effect-no exad-sticky-section-no\" data-id=\"2852861\" data-element_type=\"column\">\n\t\t\t<div class=\"elementor-widget-wrap elementor-element-populated\">\n\t\t\t\t\t\t\t\t<div class=\"elementor-element elementor-element-cc98c99 exad-sticky-section-no exad-glass-effect-no elementor-widget elementor-widget-image\" data-id=\"cc98c99\" data-element_type=\"widget\" data-widget_type=\"image.default\">\n\t\t\t\t<div class=\"elementor-widget-container\">\n\t\t\t\t\t\t\t\t\t\t\t\t\t\t\t<img decoding=\"async\" loading=\"lazy\" width=\"328\" height=\"257\" src=\"https:\/\/ssperform.com.br\/wp-content\/uploads\/2022\/04\/imagem-home.png\" class=\"attachment-large size-large wp-image-1306\" alt=\"\" srcset=\"https:\/\/ssperform.com.br\/wp-content\/uploads\/2022\/04\/imagem-home.png 328w, https:\/\/ssperform.com.br\/wp-content\/uploads\/2022\/04\/imagem-home-300x235.png 300w\" sizes=\"(max-width: 328px) 100vw, 328px\" \/>\t\t\t\t\t\t\t\t\t\t\t\t\t\t\t<\/div>\n\t\t\t\t<\/div>\n\t\t\t\t\t<\/div>\n\t\t<\/div>\n\t\t\t\t<div class=\"elementor-column elementor-col-50 elementor-inner-column elementor-element elementor-element-d116907 exad-glass-effect-no exad-sticky-section-no\" data-id=\"d116907\" data-element_type=\"column\">\n\t\t\t<div class=\"elementor-widget-wrap elementor-element-populated\">\n\t\t\t\t\t\t\t\t<div class=\"elementor-element elementor-element-3b0840f exad-sticky-section-no exad-glass-effect-no elementor-widget elementor-widget-text-editor\" data-id=\"3b0840f\" data-element_type=\"widget\" data-widget_type=\"text-editor.default\">\n\t\t\t\t<div class=\"elementor-widget-container\">\n\t\t\t\t\t\t\t<p>O <strong>SSPerform<\/strong> is an online research instrument to assess, explain and improve the overall performance of companies. It contains two scales,<\/p><p class=\" translation-block\">\u2605 one assesses<strong> overall performance<\/strong>,<br>\n\u2605 another assesses <strong>performance culture.<\/strong><\/p><p class=\" translation-block\">The <strong>SSPerform<\/strong> results from long years of author management experience and dedication to academic research. It contains simple, practical questions related to the operations of any company and was developed under rigorous theoretical basis.<\/p>\t\t\t\t\t\t<\/div>\n\t\t\t\t<\/div>\n\t\t\t\t\t<\/div>\n\t\t<\/div>\n\t\t\t\t\t\t\t<\/div>\n\t\t<\/section>\n\t\t\t\t<div class=\"elementor-element elementor-element-760376e exad-sticky-section-no exad-glass-effect-no elementor-widget elementor-widget-text-editor\" data-id=\"760376e\" data-element_type=\"widget\" data-widget_type=\"text-editor.default\">\n\t\t\t\t<div class=\"elementor-widget-container\">\n\t\t\t\t\t\t\t<p style=\"text-align: justify;\" class=\" translation-block\">The essence of the <strong>SSPerform<\/strong> theory is the proposition of using <strong>Stakeholder Satisfaction<\/strong> as a metric to assess <strong>overall performance<\/strong>. <br>\nFor <strong>stakeholders<\/strong>, a company has a <strong>good or bad performance <\/strong>insofar as its demands are <strong>being satisfied or not.<\/strong><\/p><p style=\"text-align: justify;\"><strong><span style=\"color: #163a76;\">Over 1,300 workers from different companies took part in the empirical research to develop SSPerform.<\/span><\/strong><\/p><p style=\"text-align: justify;\" class=\" translation-block\">Statistical analyzes demonstrate robust validity evidence of the scales and <strong>positive correlations<\/strong> between <strong>organizational culture<\/strong> and <strong>company performance<\/strong> measured by <strong>stakeholder satisfaction.<\/strong> Positive correlations allow inferring that improvements in <strong>culture<\/strong> can result in improvements in <strong>company performance.<\/strong><\/p>\t\t\t\t\t\t<\/div>\n\t\t\t\t<\/div>\n\t\t\t\t\t<\/div>\n\t\t<\/div>\n\t\t\t\t\t\t\t<\/div>\n\t\t<\/section>\n\t\t\t\t<section class=\"elementor-section elementor-top-section elementor-element elementor-element-e4cf107 elementor-section-boxed elementor-section-height-default elementor-section-height-default exad-glass-effect-no exad-sticky-section-no\" data-id=\"e4cf107\" data-element_type=\"section\" data-settings=\"{&quot;background_background&quot;:&quot;classic&quot;}\">\n\t\t\t\t\t\t<div class=\"elementor-container elementor-column-gap-default\">\n\t\t\t\t\t<div class=\"elementor-column elementor-col-100 elementor-top-column elementor-element elementor-element-ba6e2fe exad-glass-effect-no exad-sticky-section-no\" data-id=\"ba6e2fe\" data-element_type=\"column\">\n\t\t\t<div class=\"elementor-widget-wrap elementor-element-populated\">\n\t\t\t\t\t\t\t\t<div class=\"elementor-element elementor-element-bf9d953 exad-sticky-section-no exad-glass-effect-no elementor-widget elementor-widget-heading\" data-id=\"bf9d953\" data-element_type=\"widget\" data-widget_type=\"heading.default\">\n\t\t\t\t<div class=\"elementor-widget-container\">\n\t\t\t<h3 class=\"elementor-heading-title elementor-size-default\">Access SSPerform and get:<\/h3>\t\t<\/div>\n\t\t\t\t<\/div>\n\t\t\t\t<section class=\"elementor-section elementor-inner-section elementor-element elementor-element-7ce50fd elementor-section-boxed elementor-section-height-default elementor-section-height-default exad-glass-effect-no exad-sticky-section-no\" data-id=\"7ce50fd\" data-element_type=\"section\">\n\t\t\t\t\t\t<div class=\"elementor-container elementor-column-gap-default\">\n\t\t\t\t\t<div class=\"elementor-column elementor-col-50 elementor-inner-column elementor-element elementor-element-f205c23 exad-glass-effect-no exad-sticky-section-no\" data-id=\"f205c23\" data-element_type=\"column\" data-settings=\"{&quot;background_background&quot;:&quot;classic&quot;}\">\n\t\t\t<div class=\"elementor-widget-wrap elementor-element-populated\">\n\t\t\t\t\t\t\t\t<div class=\"elementor-element elementor-element-c06fb0d exad-sticky-section-no exad-glass-effect-no elementor-widget elementor-widget-image\" data-id=\"c06fb0d\" data-element_type=\"widget\" data-widget_type=\"image.default\">\n\t\t\t\t<div class=\"elementor-widget-container\">\n\t\t\t\t\t\t\t\t\t\t\t\t\t\t\t<img decoding=\"async\" loading=\"lazy\" width=\"595\" height=\"842\" src=\"https:\/\/ssperform.com.br\/wp-content\/uploads\/2025\/11\/Capa-relatorio.jpg\" class=\"attachment-large size-large wp-image-3640\" alt=\"\" srcset=\"https:\/\/ssperform.com.br\/wp-content\/uploads\/2025\/11\/Capa-relatorio.jpg 595w, https:\/\/ssperform.com.br\/wp-content\/uploads\/2025\/11\/Capa-relatorio-212x300.jpg 212w, https:\/\/ssperform.com.br\/wp-content\/uploads\/2025\/11\/Capa-relatorio-8x12.jpg 8w\" sizes=\"(max-width: 595px) 100vw, 595px\" \/>\t\t\t\t\t\t\t\t\t\t\t\t\t\t\t<\/div>\n\t\t\t\t<\/div>\n\t\t\t\t\t<\/div>\n\t\t<\/div>\n\t\t\t\t<div class=\"elementor-column elementor-col-50 elementor-inner-column elementor-element elementor-element-39367b7 exad-glass-effect-no exad-sticky-section-no\" data-id=\"39367b7\" data-element_type=\"column\">\n\t\t\t<div class=\"elementor-widget-wrap elementor-element-populated\">\n\t\t\t\t\t\t\t\t<div class=\"elementor-element elementor-element-b9eccef exad-sticky-section-no exad-glass-effect-no elementor-widget elementor-widget-image\" data-id=\"b9eccef\" data-element_type=\"widget\" data-widget_type=\"image.default\">\n\t\t\t\t<div class=\"elementor-widget-container\">\n\t\t\t\t\t\t\t\t\t\t\t\t\t\t\t<img decoding=\"async\" loading=\"lazy\" width=\"563\" height=\"169\" src=\"https:\/\/ssperform.com.br\/wp-content\/uploads\/2024\/06\/Graficos-PT-EN-e1719591474275.jpg\" class=\"attachment-large size-large wp-image-3564\" alt=\"\" srcset=\"https:\/\/ssperform.com.br\/wp-content\/uploads\/2024\/06\/Graficos-PT-EN-e1719591474275.jpg 563w, https:\/\/ssperform.com.br\/wp-content\/uploads\/2024\/06\/Graficos-PT-EN-e1719591474275-300x90.jpg 300w, https:\/\/ssperform.com.br\/wp-content\/uploads\/2024\/06\/Graficos-PT-EN-e1719591474275-18x5.jpg 18w\" sizes=\"(max-width: 563px) 100vw, 563px\" \/>\t\t\t\t\t\t\t\t\t\t\t\t\t\t\t<\/div>\n\t\t\t\t<\/div>\n\t\t\t\t<div class=\"elementor-element elementor-element-602350e exad-sticky-section-no exad-glass-effect-no elementor-widget elementor-widget-image\" data-id=\"602350e\" data-element_type=\"widget\" data-widget_type=\"image.default\">\n\t\t\t\t<div class=\"elementor-widget-container\">\n\t\t\t\t\t\t\t\t\t\t\t\t\t\t\t<img decoding=\"async\" loading=\"lazy\" width=\"1024\" height=\"771\" src=\"https:\/\/ssperform.com.br\/wp-content\/uploads\/2025\/04\/Graficos-EN.jpg\" class=\"attachment-large size-large wp-image-3565\" alt=\"\" srcset=\"https:\/\/ssperform.com.br\/wp-content\/uploads\/2025\/04\/Graficos-EN.jpg 1060w, https:\/\/ssperform.com.br\/wp-content\/uploads\/2025\/04\/Graficos-EN-300x226.jpg 300w, https:\/\/ssperform.com.br\/wp-content\/uploads\/2025\/04\/Graficos-EN-1024x771.jpg 1024w, https:\/\/ssperform.com.br\/wp-content\/uploads\/2025\/04\/Graficos-EN-768x578.jpg 768w, https:\/\/ssperform.com.br\/wp-content\/uploads\/2025\/04\/Graficos-EN-16x12.jpg 16w\" sizes=\"(max-width: 1024px) 100vw, 1024px\" \/>\t\t\t\t\t\t\t\t\t\t\t\t\t\t\t<\/div>\n\t\t\t\t<\/div>\n\t\t\t\t\t<\/div>\n\t\t<\/div>\n\t\t\t\t\t\t\t<\/div>\n\t\t<\/section>\n\t\t\t\t\t<\/div>\n\t\t<\/div>\n\t\t\t\t\t\t\t<\/div>\n\t\t<\/section>\n\t\t\t\t<section class=\"elementor-section elementor-top-section elementor-element elementor-element-34e750c elementor-section-boxed elementor-section-height-default elementor-section-height-default exad-glass-effect-no exad-sticky-section-no\" data-id=\"34e750c\" data-element_type=\"section\" data-settings=\"{&quot;background_background&quot;:&quot;classic&quot;}\">\n\t\t\t\t\t\t\t<div class=\"elementor-background-overlay\"><\/div>\n\t\t\t\t\t\t\t<div class=\"elementor-container elementor-column-gap-default\">\n\t\t\t\t\t<div class=\"elementor-column elementor-col-100 elementor-top-column elementor-element elementor-element-c9bc61a exad-glass-effect-no exad-sticky-section-no\" data-id=\"c9bc61a\" data-element_type=\"column\">\n\t\t\t<div class=\"elementor-widget-wrap elementor-element-populated\">\n\t\t\t\t\t\t\t\t<div class=\"elementor-element elementor-element-7186fd9f exad-sticky-section-no exad-glass-effect-no elementor-widget elementor-widget-heading\" data-id=\"7186fd9f\" data-element_type=\"widget\" data-widget_type=\"heading.default\">\n\t\t\t\t<div class=\"elementor-widget-container\">\n\t\t\t<h3 class=\"elementor-heading-title elementor-size-large translation-block\">See the <b style=\"color:#163A76\">SSPerform<\/b> benefits<\/h3>\t\t<\/div>\n\t\t\t\t<\/div>\n\t\t\t\t<section class=\"elementor-section elementor-inner-section elementor-element elementor-element-b74be02 elementor-section-content-middle elementor-section-boxed elementor-section-height-default elementor-section-height-default exad-glass-effect-no exad-sticky-section-no\" data-id=\"b74be02\" data-element_type=\"section\">\n\t\t\t\t\t\t<div class=\"elementor-container elementor-column-gap-no\">\n\t\t\t\t\t<div class=\"elementor-column elementor-col-50 elementor-inner-column elementor-element elementor-element-d036d4a exad-glass-effect-no exad-sticky-section-no\" data-id=\"d036d4a\" data-element_type=\"column\" data-settings=\"{&quot;background_background&quot;:&quot;classic&quot;}\">\n\t\t\t<div class=\"elementor-widget-wrap elementor-element-populated\">\n\t\t\t\t\t\t\t\t<div class=\"elementor-element elementor-element-05de3ec elementor-position-top exad-sticky-section-no exad-glass-effect-no elementor-widget elementor-widget-image-box\" data-id=\"05de3ec\" data-element_type=\"widget\" data-widget_type=\"image-box.default\">\n\t\t\t\t<div class=\"elementor-widget-container\">\n\t\t\t<div class=\"elementor-image-box-wrapper\"><figure class=\"elementor-image-box-img\"><img decoding=\"async\" loading=\"lazy\" width=\"147\" height=\"147\" src=\"https:\/\/ssperform.com.br\/wp-content\/uploads\/2022\/04\/Prancheta-23.png\" class=\"elementor-animation-grow attachment-large size-large wp-image-1322\" alt=\"\" srcset=\"https:\/\/ssperform.com.br\/wp-content\/uploads\/2022\/04\/Prancheta-23.png 147w, https:\/\/ssperform.com.br\/wp-content\/uploads\/2022\/04\/Prancheta-23-100x100.png 100w\" sizes=\"(max-width: 147px) 100vw, 147px\" \/><\/figure><div class=\"elementor-image-box-content\"><h3 class=\"elementor-image-box-title\"> Business <\/h3><p class=\"elementor-image-box-description\">For your company<\/p><\/div><\/div>\t\t<\/div>\n\t\t\t\t<\/div>\n\t\t\t\t<div class=\"elementor-element elementor-element-d00b8e0 elementor-align-center exad-sticky-section-no exad-glass-effect-no elementor-widget elementor-widget-button\" data-id=\"d00b8e0\" data-element_type=\"widget\" data-widget_type=\"button.default\">\n\t\t\t\t<div class=\"elementor-widget-container\">\n\t\t\t\t\t<div class=\"elementor-button-wrapper\">\n\t\t\t<a class=\"elementor-button elementor-button-link elementor-size-lg\" href=\"https:\/\/ssperform.com.br\/en\/ssperform-empresa\/\">\n\t\t\t\t\t\t<span class=\"elementor-button-content-wrapper\">\n\t\t\t\t\t\t<span class=\"elementor-button-text\">CLICK HERE<\/span>\n\t\t<\/span>\n\t\t\t\t\t<\/a>\n\t\t<\/div>\n\t\t\t\t<\/div>\n\t\t\t\t<\/div>\n\t\t\t\t\t<\/div>\n\t\t<\/div>\n\t\t\t\t<div class=\"elementor-column elementor-col-50 elementor-inner-column elementor-element elementor-element-9cbcd89 exad-glass-effect-no exad-sticky-section-no\" data-id=\"9cbcd89\" data-element_type=\"column\" data-settings=\"{&quot;background_background&quot;:&quot;classic&quot;}\">\n\t\t\t<div class=\"elementor-widget-wrap elementor-element-populated\">\n\t\t\t\t\t\t\t\t<div class=\"elementor-element elementor-element-0d051e8 elementor-position-top exad-sticky-section-no exad-glass-effect-no elementor-widget elementor-widget-image-box\" data-id=\"0d051e8\" data-element_type=\"widget\" data-widget_type=\"image-box.default\">\n\t\t\t\t<div class=\"elementor-widget-container\">\n\t\t\t<div class=\"elementor-image-box-wrapper\"><figure class=\"elementor-image-box-img\"><img decoding=\"async\" loading=\"lazy\" width=\"146\" height=\"147\" src=\"https:\/\/ssperform.com.br\/wp-content\/uploads\/2022\/04\/Prancheta-23-co\u0301pia.png\" class=\"elementor-animation-grow attachment-large size-large wp-image-1321\" alt=\"\" srcset=\"https:\/\/ssperform.com.br\/wp-content\/uploads\/2022\/04\/Prancheta-23-co\u0301pia.png 146w, https:\/\/ssperform.com.br\/wp-content\/uploads\/2022\/04\/Prancheta-23-co\u0301pia-100x100.png 100w\" sizes=\"(max-width: 146px) 100vw, 146px\" \/><\/figure><div class=\"elementor-image-box-content\"><h3 class=\"elementor-image-box-title\">Individual <\/h3><p class=\"elementor-image-box-description\">For you<\/p><\/div><\/div>\t\t<\/div>\n\t\t\t\t<\/div>\n\t\t\t\t<div class=\"elementor-element elementor-element-aaa5b27 elementor-align-center exad-sticky-section-no exad-glass-effect-no elementor-widget elementor-widget-button\" data-id=\"aaa5b27\" data-element_type=\"widget\" data-widget_type=\"button.default\">\n\t\t\t\t<div class=\"elementor-widget-container\">\n\t\t\t\t\t<div class=\"elementor-button-wrapper\">\n\t\t\t<a class=\"elementor-button elementor-button-link elementor-size-lg\" href=\"https:\/\/ssperform.com.br\/en\/ssperform-individual\/\">\n\t\t\t\t\t\t<span class=\"elementor-button-content-wrapper\">\n\t\t\t\t\t\t<span class=\"elementor-button-text\">CLICK HERE<\/span>\n\t\t<\/span>\n\t\t\t\t\t<\/a>\n\t\t<\/div>\n\t\t\t\t<\/div>\n\t\t\t\t<\/div>\n\t\t\t\t\t<\/div>\n\t\t<\/div>\n\t\t\t\t\t\t\t<\/div>\n\t\t<\/section>\n\t\t\t\t\t<\/div>\n\t\t<\/div>\n\t\t\t\t\t\t\t<\/div>\n\t\t<\/section>\n\t\t\t\t\t\t\t<\/div>","protected":false},"excerpt":{"rendered":"<p>Satisfa\u00e7\u00e3o dos Stakeholders Performance Teste O SSPerform \u00e9 instrumento de pesquisa online para avaliar, explicar e melhorar a performance geral de empresas. Cont\u00e9m duas escalas de medidas, \u2605 uma avalia a performance geral,\u2605 outra avalia a cultura para performance. O SSPerform resulta de longa experi\u00eancia em gest\u00e3o e dedica\u00e7\u00e3o \u00e0 pesquisa acad\u00eamica. Cont\u00e9m quest\u00f5es simples, [&hellip;]<\/p>","protected":false},"author":1,"featured_media":0,"parent":0,"menu_order":0,"comment_status":"closed","ping_status":"closed","template":"","meta":{"_mi_skip_tracking":false,"_monsterinsights_sitenote_active":false,"_monsterinsights_sitenote_note":"","_monsterinsights_sitenote_category":0,"footnotes":""},"yoast_head":"<!-- This site is optimized with the Yoast SEO plugin v21.1 - https:\/\/yoast.com\/wordpress\/plugins\/seo\/ -->\n<title>Home - SSPerform<\/title>\n<meta name=\"robots\" content=\"index, follow, max-snippet:-1, max-image-preview:large, max-video-preview:-1\" \/>\n<link rel=\"canonical\" href=\"https:\/\/ssperform.com.br\/en\/\" \/>\n<meta property=\"og:locale\" content=\"en_US\" \/>\n<meta property=\"og:type\" content=\"article\" \/>\n<meta property=\"og:title\" content=\"Home - SSPerform\" \/>\n<meta property=\"og:description\" content=\"Satisfa\u00e7\u00e3o dos Stakeholders Performance Teste O SSPerform \u00e9 instrumento de pesquisa online para avaliar, explicar e melhorar a performance geral de empresas. Cont\u00e9m duas escalas de medidas, \u2605 uma avalia a performance geral,\u2605 outra avalia a cultura para performance. O SSPerform resulta de longa experi\u00eancia em gest\u00e3o e dedica\u00e7\u00e3o \u00e0 pesquisa acad\u00eamica. Cont\u00e9m quest\u00f5es simples, [&hellip;]\" \/>\n<meta property=\"og:url\" content=\"https:\/\/ssperform.com.br\/en\/\" \/>\n<meta property=\"og:site_name\" content=\"SSPerform\" \/>\n<meta property=\"article:modified_time\" content=\"2025-11-26T16:30:52+00:00\" \/>\n<meta property=\"og:image\" content=\"https:\/\/ssperform.com.br\/wp-content\/uploads\/2022\/04\/imagem-home.png\" \/>\n<meta name=\"twitter:card\" content=\"summary_large_image\" \/>\n<meta name=\"twitter:label1\" content=\"Est. reading time\" \/>\n\t<meta name=\"twitter:data1\" content=\"3 minutes\" \/>\n<script type=\"application\/ld+json\" class=\"yoast-schema-graph\">{\"@context\":\"https:\/\/schema.org\",\"@graph\":[{\"@type\":\"WebPage\",\"@id\":\"https:\/\/ssperform.com.br\/\",\"url\":\"https:\/\/ssperform.com.br\/\",\"name\":\"Home - SSPerform\",\"isPartOf\":{\"@id\":\"https:\/\/ssperform.com.br\/#website\"},\"datePublished\":\"2021-10-28T17:05:14+00:00\",\"dateModified\":\"2025-11-26T16:30:52+00:00\",\"breadcrumb\":{\"@id\":\"https:\/\/ssperform.com.br\/#breadcrumb\"},\"inLanguage\":\"en-US\",\"potentialAction\":[{\"@type\":\"ReadAction\",\"target\":[\"https:\/\/ssperform.com.br\/\"]}]},{\"@type\":\"BreadcrumbList\",\"@id\":\"https:\/\/ssperform.com.br\/#breadcrumb\",\"itemListElement\":[{\"@type\":\"ListItem\",\"position\":1,\"name\":\"In\u00edcio\",\"item\":\"https:\/\/ssperform.com.br\/\"},{\"@type\":\"ListItem\",\"position\":2,\"name\":\"Home\"}]},{\"@type\":\"WebSite\",\"@id\":\"https:\/\/ssperform.com.br\/#website\",\"url\":\"https:\/\/ssperform.com.br\/\",\"name\":\"SSPerform\",\"description\":\"Performance \u2013 \u00cdndice Geral da empresa\",\"publisher\":{\"@id\":\"https:\/\/ssperform.com.br\/#organization\"},\"potentialAction\":[{\"@type\":\"SearchAction\",\"target\":{\"@type\":\"EntryPoint\",\"urlTemplate\":\"https:\/\/ssperform.com.br\/?s={search_term_string}\"},\"query-input\":\"required name=search_term_string\"}],\"inLanguage\":\"en-US\"},{\"@type\":\"Organization\",\"@id\":\"https:\/\/ssperform.com.br\/#organization\",\"name\":\"SSPerform\",\"url\":\"https:\/\/ssperform.com.br\/\",\"logo\":{\"@type\":\"ImageObject\",\"inLanguage\":\"en-US\",\"@id\":\"https:\/\/ssperform.com.br\/#\/schema\/logo\/image\/\",\"url\":\"https:\/\/ssperform.com.br\/wp-content\/uploads\/2021\/10\/Prancheta-1-copia-3@2x.png\",\"contentUrl\":\"https:\/\/ssperform.com.br\/wp-content\/uploads\/2021\/10\/Prancheta-1-copia-3@2x.png\",\"width\":1135,\"height\":264,\"caption\":\"SSPerform\"},\"image\":{\"@id\":\"https:\/\/ssperform.com.br\/#\/schema\/logo\/image\/\"}}]}<\/script>\n<!-- \/ Yoast SEO plugin. -->","yoast_head_json":{"title":"Home - SSPerform","robots":{"index":"index","follow":"follow","max-snippet":"max-snippet:-1","max-image-preview":"max-image-preview:large","max-video-preview":"max-video-preview:-1"},"canonical":"https:\/\/ssperform.com.br\/en\/","og_locale":"en_US","og_type":"article","og_title":"Home - SSPerform","og_description":"Satisfa\u00e7\u00e3o dos Stakeholders Performance Teste O SSPerform \u00e9 instrumento de pesquisa online para avaliar, explicar e melhorar a performance geral de empresas. Cont\u00e9m duas escalas de medidas, \u2605 uma avalia a performance geral,\u2605 outra avalia a cultura para performance. O SSPerform resulta de longa experi\u00eancia em gest\u00e3o e dedica\u00e7\u00e3o \u00e0 pesquisa acad\u00eamica. Cont\u00e9m quest\u00f5es simples, [&hellip;]","og_url":"https:\/\/ssperform.com.br\/en\/","og_site_name":"SSPerform","article_modified_time":"2025-11-26T16:30:52+00:00","og_image":[{"url":"https:\/\/ssperform.com.br\/wp-content\/uploads\/2022\/04\/imagem-home.png"}],"twitter_card":"summary_large_image","twitter_misc":{"Est. reading time":"3 minutes"},"schema":{"@context":"https:\/\/schema.org","@graph":[{"@type":"WebPage","@id":"https:\/\/ssperform.com.br\/","url":"https:\/\/ssperform.com.br\/","name":"Home - SSPerform","isPartOf":{"@id":"https:\/\/ssperform.com.br\/#website"},"datePublished":"2021-10-28T17:05:14+00:00","dateModified":"2025-11-26T16:30:52+00:00","breadcrumb":{"@id":"https:\/\/ssperform.com.br\/#breadcrumb"},"inLanguage":"en-US","potentialAction":[{"@type":"ReadAction","target":["https:\/\/ssperform.com.br\/"]}]},{"@type":"BreadcrumbList","@id":"https:\/\/ssperform.com.br\/#breadcrumb","itemListElement":[{"@type":"ListItem","position":1,"name":"In\u00edcio","item":"https:\/\/ssperform.com.br\/"},{"@type":"ListItem","position":2,"name":"Home"}]},{"@type":"WebSite","@id":"https:\/\/ssperform.com.br\/#website","url":"https:\/\/ssperform.com.br\/","name":"SSPerform","description":"Performance \u2013 \u00cdndice Geral da empresa","publisher":{"@id":"https:\/\/ssperform.com.br\/#organization"},"potentialAction":[{"@type":"SearchAction","target":{"@type":"EntryPoint","urlTemplate":"https:\/\/ssperform.com.br\/?s={search_term_string}"},"query-input":"required name=search_term_string"}],"inLanguage":"en-US"},{"@type":"Organization","@id":"https:\/\/ssperform.com.br\/#organization","name":"SSPerform","url":"https:\/\/ssperform.com.br\/","logo":{"@type":"ImageObject","inLanguage":"en-US","@id":"https:\/\/ssperform.com.br\/#\/schema\/logo\/image\/","url":"https:\/\/ssperform.com.br\/wp-content\/uploads\/2021\/10\/Prancheta-1-copia-3@2x.png","contentUrl":"https:\/\/ssperform.com.br\/wp-content\/uploads\/2021\/10\/Prancheta-1-copia-3@2x.png","width":1135,"height":264,"caption":"SSPerform"},"image":{"@id":"https:\/\/ssperform.com.br\/#\/schema\/logo\/image\/"}}]}},"_links":{"self":[{"href":"https:\/\/ssperform.com.br\/en\/wp-json\/wp\/v2\/pages\/327"}],"collection":[{"href":"https:\/\/ssperform.com.br\/en\/wp-json\/wp\/v2\/pages"}],"about":[{"href":"https:\/\/ssperform.com.br\/en\/wp-json\/wp\/v2\/types\/page"}],"author":[{"embeddable":true,"href":"https:\/\/ssperform.com.br\/en\/wp-json\/wp\/v2\/users\/1"}],"replies":[{"embeddable":true,"href":"https:\/\/ssperform.com.br\/en\/wp-json\/wp\/v2\/comments?post=327"}],"version-history":[{"count":596,"href":"https:\/\/ssperform.com.br\/en\/wp-json\/wp\/v2\/pages\/327\/revisions"}],"predecessor-version":[{"id":3646,"href":"https:\/\/ssperform.com.br\/en\/wp-json\/wp\/v2\/pages\/327\/revisions\/3646"}],"wp:attachment":[{"href":"https:\/\/ssperform.com.br\/en\/wp-json\/wp\/v2\/media?parent=327"}],"curies":[{"name":"wp","href":"https:\/\/api.w.org\/{rel}","templated":true}]}}