{"id":997,"date":"2022-03-31T17:33:54","date_gmt":"2022-03-31T20:33:54","guid":{"rendered":"https:\/\/ssperform.com.br\/?page_id=997"},"modified":"2025-12-02T17:15:10","modified_gmt":"2025-12-02T20:15:10","slug":"stakeholders","status":"publish","type":"page","link":"https:\/\/ssperform.com.br\/en\/stakeholders\/","title":{"rendered":"Stakeholders"},"content":{"rendered":"<div data-elementor-type=\"wp-page\" data-elementor-id=\"997\" class=\"elementor elementor-997\">\n\t\t\t\t\t\t\t\t\t<section class=\"elementor-section elementor-top-section elementor-element elementor-element-3e86d4c9 elementor-section-boxed elementor-section-height-default elementor-section-height-default exad-glass-effect-no exad-sticky-section-no\" data-id=\"3e86d4c9\" data-element_type=\"section\" data-settings=\"{&quot;background_background&quot;:&quot;classic&quot;}\">\n\t\t\t\t\t\t<div class=\"elementor-container elementor-column-gap-default\">\n\t\t\t\t\t<div class=\"elementor-column elementor-col-100 elementor-top-column elementor-element elementor-element-15d5cee0 exad-glass-effect-no exad-sticky-section-no\" data-id=\"15d5cee0\" data-element_type=\"column\">\n\t\t\t<div class=\"elementor-widget-wrap elementor-element-populated\">\n\t\t\t\t\t\t\t\t<section class=\"elementor-section elementor-inner-section elementor-element elementor-element-643ca472 elementor-section-boxed elementor-section-height-default elementor-section-height-default exad-glass-effect-no exad-sticky-section-no\" data-id=\"643ca472\" data-element_type=\"section\">\n\t\t\t\t\t\t<div class=\"elementor-container elementor-column-gap-default\">\n\t\t\t\t\t<div class=\"elementor-column elementor-col-100 elementor-inner-column elementor-element elementor-element-3f146bc9 exad-glass-effect-no exad-sticky-section-no\" data-id=\"3f146bc9\" data-element_type=\"column\">\n\t\t\t<div class=\"elementor-widget-wrap elementor-element-populated\">\n\t\t\t\t\t\t\t\t<div class=\"elementor-element elementor-element-656398e exad-sticky-section-no exad-glass-effect-no elementor-widget elementor-widget-heading\" data-id=\"656398e\" data-element_type=\"widget\" data-widget_type=\"heading.default\">\n\t\t\t\t<div class=\"elementor-widget-container\">\n\t\t\t<h2 class=\"elementor-heading-title elementor-size-default\">Firm Stakeholders, who are they?<\/h2>\t\t<\/div>\n\t\t\t\t<\/div>\n\t\t\t\t<div class=\"elementor-element elementor-element-737b1cf6 exad-sticky-section-no exad-glass-effect-no elementor-widget elementor-widget-text-editor\" data-id=\"737b1cf6\" data-element_type=\"widget\" data-widget_type=\"text-editor.default\">\n\t\t\t\t<div class=\"elementor-widget-container\">\n\t\t\t\t\t\t\t<p>S\u00e3o os interessados. Todas as pessoas ou todos os p\u00fablicos que t\u00eam interesses na empresa e que podem afet\u00e1-la ou serem afetados por ela. <strong><em>Stakeholders<\/em><\/strong> prim\u00e1rios s\u00e3o os empregados, clientes, fornecedores, comunidades, propriet\u00e1rios e acionistas.<\/p>\t\t\t\t\t\t<\/div>\n\t\t\t\t<\/div>\n\t\t\t\t<div class=\"elementor-element elementor-element-4222e275 exad-sticky-section-no exad-glass-effect-no elementor-widget elementor-widget-heading\" data-id=\"4222e275\" data-element_type=\"widget\" data-widget_type=\"heading.default\">\n\t\t\t\t<div class=\"elementor-widget-container\">\n\t\t\t<h2 class=\"elementor-heading-title elementor-size-default\">What do stakeholders expect from the company?<\/h2>\t\t<\/div>\n\t\t\t\t<\/div>\n\t\t\t\t\t<\/div>\n\t\t<\/div>\n\t\t\t\t\t\t\t<\/div>\n\t\t<\/section>\n\t\t\t\t<section class=\"elementor-section elementor-inner-section elementor-element elementor-element-15d9da82 elementor-section-boxed elementor-section-height-default elementor-section-height-default exad-glass-effect-no exad-sticky-section-no\" data-id=\"15d9da82\" data-element_type=\"section\">\n\t\t\t\t\t\t<div class=\"elementor-container elementor-column-gap-default\">\n\t\t\t\t\t<div class=\"elementor-column elementor-col-20 elementor-inner-column elementor-element elementor-element-4b04197f exad-glass-effect-no exad-sticky-section-no\" data-id=\"4b04197f\" data-element_type=\"column\">\n\t\t\t<div class=\"elementor-widget-wrap elementor-element-populated\">\n\t\t\t\t\t\t\t\t<div class=\"elementor-element elementor-element-7e73d19c elementor-view-default exad-sticky-section-no exad-glass-effect-no elementor-widget elementor-widget-icon\" data-id=\"7e73d19c\" data-element_type=\"widget\" data-widget_type=\"icon.default\">\n\t\t\t\t<div class=\"elementor-widget-container\">\n\t\t\t\t\t<div class=\"elementor-icon-wrapper\">\n\t\t\t<div class=\"elementor-icon\">\n\t\t\t<i aria-hidden=\"true\" class=\"fas fa-users-cog\"><\/i>\t\t\t<\/div>\n\t\t<\/div>\n\t\t\t\t<\/div>\n\t\t\t\t<\/div>\n\t\t\t\t<div class=\"elementor-element elementor-element-26aba7d8 exad-sticky-section-no exad-glass-effect-no elementor-widget elementor-widget-text-editor\" data-id=\"26aba7d8\" data-element_type=\"widget\" data-widget_type=\"text-editor.default\">\n\t\t\t\t<div class=\"elementor-widget-container\">\n\t\t\t\t\t\t\t<p style=\"text-align: center;\"><strong>Employees<\/strong><\/p>\t\t\t\t\t\t<\/div>\n\t\t\t\t<\/div>\n\t\t\t\t<div class=\"elementor-element elementor-element-33d02fd elementor-align-left elementor-mobile-align-center elementor-icon-list--layout-traditional elementor-list-item-link-full_width exad-sticky-section-no exad-glass-effect-no elementor-widget elementor-widget-icon-list\" data-id=\"33d02fd\" data-element_type=\"widget\" data-widget_type=\"icon-list.default\">\n\t\t\t\t<div class=\"elementor-widget-container\">\n\t\t\t\t\t<ul class=\"elementor-icon-list-items\">\n\t\t\t\t\t\t\t<li class=\"elementor-icon-list-item\">\n\t\t\t\t\t\t\t\t\t\t\t<span class=\"elementor-icon-list-icon\">\n\t\t\t\t\t\t\t<i aria-hidden=\"true\" class=\"fas fa-check\"><\/i>\t\t\t\t\t\t<\/span>\n\t\t\t\t\t\t\t\t\t\t<span class=\"elementor-icon-list-text\">Good wages;<\/span>\n\t\t\t\t\t\t\t\t\t<\/li>\n\t\t\t\t\t\t\t\t<li class=\"elementor-icon-list-item\">\n\t\t\t\t\t\t\t\t\t\t\t<span class=\"elementor-icon-list-icon\">\n\t\t\t\t\t\t\t<i aria-hidden=\"true\" class=\"fas fa-check\"><\/i>\t\t\t\t\t\t<\/span>\n\t\t\t\t\t\t\t\t\t\t<span class=\"elementor-icon-list-text\">Good benefits;<\/span>\n\t\t\t\t\t\t\t\t\t<\/li>\n\t\t\t\t\t\t\t\t<li class=\"elementor-icon-list-item\">\n\t\t\t\t\t\t\t\t\t\t\t<span class=\"elementor-icon-list-icon\">\n\t\t\t\t\t\t\t<i aria-hidden=\"true\" class=\"fas fa-check\"><\/i>\t\t\t\t\t\t<\/span>\n\t\t\t\t\t\t\t\t\t\t<span class=\"elementor-icon-list-text\">Healthy work environment;<\/span>\n\t\t\t\t\t\t\t\t\t<\/li>\n\t\t\t\t\t\t\t\t<li class=\"elementor-icon-list-item\">\n\t\t\t\t\t\t\t\t\t\t\t<span class=\"elementor-icon-list-icon\">\n\t\t\t\t\t\t\t<i aria-hidden=\"true\" class=\"fas fa-check\"><\/i>\t\t\t\t\t\t<\/span>\n\t\t\t\t\t\t\t\t\t\t<span class=\"elementor-icon-list-text\">Growth opportunity<\/span>\n\t\t\t\t\t\t\t\t\t<\/li>\n\t\t\t\t\t\t<\/ul>\n\t\t\t\t<\/div>\n\t\t\t\t<\/div>\n\t\t\t\t\t<\/div>\n\t\t<\/div>\n\t\t\t\t<div class=\"elementor-column elementor-col-20 elementor-inner-column elementor-element elementor-element-294d0322 exad-glass-effect-no exad-sticky-section-no\" data-id=\"294d0322\" data-element_type=\"column\">\n\t\t\t<div class=\"elementor-widget-wrap elementor-element-populated\">\n\t\t\t\t\t\t\t\t<div class=\"elementor-element elementor-element-63b6946a elementor-view-default exad-sticky-section-no exad-glass-effect-no elementor-widget elementor-widget-icon\" data-id=\"63b6946a\" data-element_type=\"widget\" data-widget_type=\"icon.default\">\n\t\t\t\t<div class=\"elementor-widget-container\">\n\t\t\t\t\t<div class=\"elementor-icon-wrapper\">\n\t\t\t<div class=\"elementor-icon\">\n\t\t\t<i aria-hidden=\"true\" class=\"fas fa-users\"><\/i>\t\t\t<\/div>\n\t\t<\/div>\n\t\t\t\t<\/div>\n\t\t\t\t<\/div>\n\t\t\t\t<div class=\"elementor-element elementor-element-666a7527 exad-sticky-section-no exad-glass-effect-no elementor-widget elementor-widget-text-editor\" data-id=\"666a7527\" data-element_type=\"widget\" data-widget_type=\"text-editor.default\">\n\t\t\t\t<div class=\"elementor-widget-container\">\n\t\t\t\t\t\t\t<p style=\"text-align: center;\"><strong>Customers<\/strong><\/p>\t\t\t\t\t\t<\/div>\n\t\t\t\t<\/div>\n\t\t\t\t<div class=\"elementor-element elementor-element-788bf25 elementor-align-left elementor-mobile-align-center elementor-icon-list--layout-traditional elementor-list-item-link-full_width exad-sticky-section-no exad-glass-effect-no elementor-widget elementor-widget-icon-list\" data-id=\"788bf25\" data-element_type=\"widget\" data-widget_type=\"icon-list.default\">\n\t\t\t\t<div class=\"elementor-widget-container\">\n\t\t\t\t\t<ul class=\"elementor-icon-list-items\">\n\t\t\t\t\t\t\t<li class=\"elementor-icon-list-item\">\n\t\t\t\t\t\t\t\t\t\t\t<span class=\"elementor-icon-list-icon\">\n\t\t\t\t\t\t\t<i aria-hidden=\"true\" class=\"fas fa-check\"><\/i>\t\t\t\t\t\t<\/span>\n\t\t\t\t\t\t\t\t\t\t<span class=\"elementor-icon-list-text\">Good products &amp; services;<\/span>\n\t\t\t\t\t\t\t\t\t<\/li>\n\t\t\t\t\t\t\t\t<li class=\"elementor-icon-list-item\">\n\t\t\t\t\t\t\t\t\t\t\t<span class=\"elementor-icon-list-icon\">\n\t\t\t\t\t\t\t<i aria-hidden=\"true\" class=\"fas fa-check\"><\/i>\t\t\t\t\t\t<\/span>\n\t\t\t\t\t\t\t\t\t\t<span class=\"elementor-icon-list-text\">Low prices;<\/span>\n\t\t\t\t\t\t\t\t\t<\/li>\n\t\t\t\t\t\t\t\t<li class=\"elementor-icon-list-item\">\n\t\t\t\t\t\t\t\t\t\t\t<span class=\"elementor-icon-list-icon\">\n\t\t\t\t\t\t\t<i aria-hidden=\"true\" class=\"fas fa-check\"><\/i>\t\t\t\t\t\t<\/span>\n\t\t\t\t\t\t\t\t\t\t<span class=\"elementor-icon-list-text\">Ease payment way.<\/span>\n\t\t\t\t\t\t\t\t\t<\/li>\n\t\t\t\t\t\t<\/ul>\n\t\t\t\t<\/div>\n\t\t\t\t<\/div>\n\t\t\t\t\t<\/div>\n\t\t<\/div>\n\t\t\t\t<div class=\"elementor-column elementor-col-20 elementor-inner-column elementor-element elementor-element-1fdcfe9c exad-glass-effect-no exad-sticky-section-no\" data-id=\"1fdcfe9c\" data-element_type=\"column\">\n\t\t\t<div class=\"elementor-widget-wrap elementor-element-populated\">\n\t\t\t\t\t\t\t\t<div class=\"elementor-element elementor-element-7ed8042a elementor-view-default exad-sticky-section-no exad-glass-effect-no elementor-widget elementor-widget-icon\" data-id=\"7ed8042a\" data-element_type=\"widget\" data-widget_type=\"icon.default\">\n\t\t\t\t<div class=\"elementor-widget-container\">\n\t\t\t\t\t<div class=\"elementor-icon-wrapper\">\n\t\t\t<div class=\"elementor-icon\">\n\t\t\t<i aria-hidden=\"true\" class=\"fas fa-truck-loading\"><\/i>\t\t\t<\/div>\n\t\t<\/div>\n\t\t\t\t<\/div>\n\t\t\t\t<\/div>\n\t\t\t\t<div class=\"elementor-element elementor-element-5de6f44e exad-sticky-section-no exad-glass-effect-no elementor-widget elementor-widget-text-editor\" data-id=\"5de6f44e\" data-element_type=\"widget\" data-widget_type=\"text-editor.default\">\n\t\t\t\t<div class=\"elementor-widget-container\">\n\t\t\t\t\t\t\t<p style=\"text-align: center;\"><strong>Suppliers<\/strong><\/p>\t\t\t\t\t\t<\/div>\n\t\t\t\t<\/div>\n\t\t\t\t<div class=\"elementor-element elementor-element-5e308ec elementor-align-left elementor-mobile-align-center elementor-icon-list--layout-traditional elementor-list-item-link-full_width exad-sticky-section-no exad-glass-effect-no elementor-widget elementor-widget-icon-list\" data-id=\"5e308ec\" data-element_type=\"widget\" data-widget_type=\"icon-list.default\">\n\t\t\t\t<div class=\"elementor-widget-container\">\n\t\t\t\t\t<ul class=\"elementor-icon-list-items\">\n\t\t\t\t\t\t\t<li class=\"elementor-icon-list-item\">\n\t\t\t\t\t\t\t\t\t\t\t<span class=\"elementor-icon-list-icon\">\n\t\t\t\t\t\t\t<i aria-hidden=\"true\" class=\"fas fa-check\"><\/i>\t\t\t\t\t\t<\/span>\n\t\t\t\t\t\t\t\t\t\t<span class=\"elementor-icon-list-text\">Business opportunities;<\/span>\n\t\t\t\t\t\t\t\t\t<\/li>\n\t\t\t\t\t\t\t\t<li class=\"elementor-icon-list-item\">\n\t\t\t\t\t\t\t\t\t\t\t<span class=\"elementor-icon-list-icon\">\n\t\t\t\t\t\t\t<i aria-hidden=\"true\" class=\"fas fa-check\"><\/i>\t\t\t\t\t\t<\/span>\n\t\t\t\t\t\t\t\t\t\t<span class=\"elementor-icon-list-text\">Company loyalty;<\/span>\n\t\t\t\t\t\t\t\t\t<\/li>\n\t\t\t\t\t\t\t\t<li class=\"elementor-icon-list-item\">\n\t\t\t\t\t\t\t\t\t\t\t<span class=\"elementor-icon-list-icon\">\n\t\t\t\t\t\t\t<i aria-hidden=\"true\" class=\"fas fa-check\"><\/i>\t\t\t\t\t\t<\/span>\n\t\t\t\t\t\t\t\t\t\t<span class=\"elementor-icon-list-text\">Ethics in negotiations.<\/span>\n\t\t\t\t\t\t\t\t\t<\/li>\n\t\t\t\t\t\t<\/ul>\n\t\t\t\t<\/div>\n\t\t\t\t<\/div>\n\t\t\t\t\t<\/div>\n\t\t<\/div>\n\t\t\t\t<div class=\"elementor-column elementor-col-20 elementor-inner-column elementor-element elementor-element-752d4041 exad-glass-effect-no exad-sticky-section-no\" data-id=\"752d4041\" data-element_type=\"column\">\n\t\t\t<div class=\"elementor-widget-wrap elementor-element-populated\">\n\t\t\t\t\t\t\t\t<div class=\"elementor-element elementor-element-1b853e95 elementor-view-default exad-sticky-section-no exad-glass-effect-no elementor-widget elementor-widget-icon\" data-id=\"1b853e95\" data-element_type=\"widget\" data-widget_type=\"icon.default\">\n\t\t\t\t<div class=\"elementor-widget-container\">\n\t\t\t\t\t<div class=\"elementor-icon-wrapper\">\n\t\t\t<div class=\"elementor-icon\">\n\t\t\t<i aria-hidden=\"true\" class=\"fas fa-globe-americas\"><\/i>\t\t\t<\/div>\n\t\t<\/div>\n\t\t\t\t<\/div>\n\t\t\t\t<\/div>\n\t\t\t\t<div class=\"elementor-element elementor-element-1213b29a exad-sticky-section-no exad-glass-effect-no elementor-widget elementor-widget-text-editor\" data-id=\"1213b29a\" data-element_type=\"widget\" data-widget_type=\"text-editor.default\">\n\t\t\t\t<div class=\"elementor-widget-container\">\n\t\t\t\t\t\t\t<p style=\"text-align: center;\"><strong>Community<\/strong><\/p>\t\t\t\t\t\t<\/div>\n\t\t\t\t<\/div>\n\t\t\t\t<div class=\"elementor-element elementor-element-2164d6a5 elementor-align-left elementor-mobile-align-center elementor-icon-list--layout-traditional elementor-list-item-link-full_width exad-sticky-section-no exad-glass-effect-no elementor-widget elementor-widget-icon-list\" data-id=\"2164d6a5\" data-element_type=\"widget\" data-widget_type=\"icon-list.default\">\n\t\t\t\t<div class=\"elementor-widget-container\">\n\t\t\t\t\t<ul class=\"elementor-icon-list-items\">\n\t\t\t\t\t\t\t<li class=\"elementor-icon-list-item\">\n\t\t\t\t\t\t\t\t\t\t\t<span class=\"elementor-icon-list-icon\">\n\t\t\t\t\t\t\t<i aria-hidden=\"true\" class=\"fas fa-check\"><\/i>\t\t\t\t\t\t<\/span>\n\t\t\t\t\t\t\t\t\t\t<span class=\"elementor-icon-list-text\">Environment preservation;<\/span>\n\t\t\t\t\t\t\t\t\t<\/li>\n\t\t\t\t\t\t\t\t<li class=\"elementor-icon-list-item\">\n\t\t\t\t\t\t\t\t\t\t\t<span class=\"elementor-icon-list-icon\">\n\t\t\t\t\t\t\t<i aria-hidden=\"true\" class=\"fas fa-check\"><\/i>\t\t\t\t\t\t<\/span>\n\t\t\t\t\t\t\t\t\t\t<span class=\"elementor-icon-list-text\">Good jobs offer<\/span>\n\t\t\t\t\t\t\t\t\t<\/li>\n\t\t\t\t\t\t\t\t<li class=\"elementor-icon-list-item\">\n\t\t\t\t\t\t\t\t\t\t\t<span class=\"elementor-icon-list-icon\">\n\t\t\t\t\t\t\t<i aria-hidden=\"true\" class=\"fas fa-check\"><\/i>\t\t\t\t\t\t<\/span>\n\t\t\t\t\t\t\t\t\t\t<span class=\"elementor-icon-list-text\">Social causes support.<\/span>\n\t\t\t\t\t\t\t\t\t<\/li>\n\t\t\t\t\t\t<\/ul>\n\t\t\t\t<\/div>\n\t\t\t\t<\/div>\n\t\t\t\t\t<\/div>\n\t\t<\/div>\n\t\t\t\t<div class=\"elementor-column elementor-col-20 elementor-inner-column elementor-element elementor-element-1486d93 exad-glass-effect-no exad-sticky-section-no\" data-id=\"1486d93\" data-element_type=\"column\">\n\t\t\t<div class=\"elementor-widget-wrap elementor-element-populated\">\n\t\t\t\t\t\t\t\t<div class=\"elementor-element elementor-element-74e9a715 elementor-view-default exad-sticky-section-no exad-glass-effect-no elementor-widget elementor-widget-icon\" data-id=\"74e9a715\" data-element_type=\"widget\" data-widget_type=\"icon.default\">\n\t\t\t\t<div class=\"elementor-widget-container\">\n\t\t\t\t\t<div class=\"elementor-icon-wrapper\">\n\t\t\t<div class=\"elementor-icon\">\n\t\t\t<i aria-hidden=\"true\" class=\"fas fa-user-tie\"><\/i>\t\t\t<\/div>\n\t\t<\/div>\n\t\t\t\t<\/div>\n\t\t\t\t<\/div>\n\t\t\t\t<div class=\"elementor-element elementor-element-5269ceec exad-sticky-section-no exad-glass-effect-no elementor-widget elementor-widget-text-editor\" data-id=\"5269ceec\" data-element_type=\"widget\" data-widget_type=\"text-editor.default\">\n\t\t\t\t<div class=\"elementor-widget-container\">\n\t\t\t\t\t\t\t<p style=\"text-align: center;\" class=\" translation-block\"><strong>Financiers<\/strong><\/p>\t\t\t\t\t\t<\/div>\n\t\t\t\t<\/div>\n\t\t\t\t<div class=\"elementor-element elementor-element-6ac7499d elementor-align-left elementor-mobile-align-center elementor-icon-list--layout-traditional elementor-list-item-link-full_width exad-sticky-section-no exad-glass-effect-no elementor-widget elementor-widget-icon-list\" data-id=\"6ac7499d\" data-element_type=\"widget\" data-widget_type=\"icon-list.default\">\n\t\t\t\t<div class=\"elementor-widget-container\">\n\t\t\t\t\t<ul class=\"elementor-icon-list-items\">\n\t\t\t\t\t\t\t<li class=\"elementor-icon-list-item\">\n\t\t\t\t\t\t\t\t\t\t\t<span class=\"elementor-icon-list-icon\">\n\t\t\t\t\t\t\t<i aria-hidden=\"true\" class=\"fas fa-check\"><\/i>\t\t\t\t\t\t<\/span>\n\t\t\t\t\t\t\t\t\t\t<span class=\"elementor-icon-list-text\">Return on investments.<\/span>\n\t\t\t\t\t\t\t\t\t<\/li>\n\t\t\t\t\t\t<\/ul>\n\t\t\t\t<\/div>\n\t\t\t\t<\/div>\n\t\t\t\t\t<\/div>\n\t\t<\/div>\n\t\t\t\t\t\t\t<\/div>\n\t\t<\/section>\n\t\t\t\t\t<\/div>\n\t\t<\/div>\n\t\t\t\t\t\t\t<\/div>\n\t\t<\/section>\n\t\t\t\t\t\t\t<\/div>","protected":false},"excerpt":{"rendered":"<p>Quem s\u00e3o os Stakeholders? S\u00e3o os interessados. Todas as pessoas ou todos os p\u00fablicos que t\u00eam interesses na empresa e que podem afet\u00e1-la ou serem afetados por ela. Stakeholders prim\u00e1rios s\u00e3o os empregados, clientes, fornecedores, comunidades, propriet\u00e1rios e acionistas. O que os stakeholders esperam da empresa? Empregados Bons sal\u00e1rios; Benef\u00edcios; Bom ambiente; Oportunidades de crescimento; [&hellip;]<\/p>","protected":false},"author":1,"featured_media":0,"parent":0,"menu_order":0,"comment_status":"closed","ping_status":"closed","template":"","meta":{"_mi_skip_tracking":false,"_monsterinsights_sitenote_active":false,"_monsterinsights_sitenote_note":"","_monsterinsights_sitenote_category":0,"footnotes":""},"yoast_head":"<!-- This site is optimized with the Yoast SEO plugin v21.1 - https:\/\/yoast.com\/wordpress\/plugins\/seo\/ -->\n<title>Stakeholders - SSPerform<\/title>\n<meta name=\"robots\" content=\"index, follow, max-snippet:-1, max-image-preview:large, max-video-preview:-1\" \/>\n<link rel=\"canonical\" href=\"https:\/\/ssperform.com.br\/en\/stakeholders\/\" \/>\n<meta property=\"og:locale\" content=\"en_US\" \/>\n<meta property=\"og:type\" content=\"article\" \/>\n<meta property=\"og:title\" content=\"Stakeholders - SSPerform\" \/>\n<meta property=\"og:description\" content=\"Quem s\u00e3o os Stakeholders? S\u00e3o os interessados. Todas as pessoas ou todos os p\u00fablicos que t\u00eam interesses na empresa e que podem afet\u00e1-la ou serem afetados por ela. Stakeholders prim\u00e1rios s\u00e3o os empregados, clientes, fornecedores, comunidades, propriet\u00e1rios e acionistas. O que os stakeholders esperam da empresa? Empregados Bons sal\u00e1rios; Benef\u00edcios; Bom ambiente; Oportunidades de crescimento; [&hellip;]\" \/>\n<meta property=\"og:url\" content=\"https:\/\/ssperform.com.br\/en\/stakeholders\/\" \/>\n<meta property=\"og:site_name\" content=\"SSPerform\" \/>\n<meta property=\"article:modified_time\" content=\"2025-12-02T20:15:10+00:00\" \/>\n<meta name=\"twitter:card\" content=\"summary_large_image\" \/>\n<meta name=\"twitter:label1\" content=\"Est. reading time\" \/>\n\t<meta name=\"twitter:data1\" content=\"1 minute\" \/>\n<script type=\"application\/ld+json\" class=\"yoast-schema-graph\">{\"@context\":\"https:\/\/schema.org\",\"@graph\":[{\"@type\":\"WebPage\",\"@id\":\"https:\/\/ssperform.com.br\/stakeholders\/\",\"url\":\"https:\/\/ssperform.com.br\/stakeholders\/\",\"name\":\"Stakeholders - SSPerform\",\"isPartOf\":{\"@id\":\"https:\/\/ssperform.com.br\/#website\"},\"datePublished\":\"2022-03-31T20:33:54+00:00\",\"dateModified\":\"2025-12-02T20:15:10+00:00\",\"breadcrumb\":{\"@id\":\"https:\/\/ssperform.com.br\/stakeholders\/#breadcrumb\"},\"inLanguage\":\"en-US\",\"potentialAction\":[{\"@type\":\"ReadAction\",\"target\":[\"https:\/\/ssperform.com.br\/stakeholders\/\"]}]},{\"@type\":\"BreadcrumbList\",\"@id\":\"https:\/\/ssperform.com.br\/stakeholders\/#breadcrumb\",\"itemListElement\":[{\"@type\":\"ListItem\",\"position\":1,\"name\":\"In\u00edcio\",\"item\":\"https:\/\/ssperform.com.br\/\"},{\"@type\":\"ListItem\",\"position\":2,\"name\":\"Stakeholders\"}]},{\"@type\":\"WebSite\",\"@id\":\"https:\/\/ssperform.com.br\/#website\",\"url\":\"https:\/\/ssperform.com.br\/\",\"name\":\"SSPerform\",\"description\":\"Performance \u2013 \u00cdndice Geral da empresa\",\"publisher\":{\"@id\":\"https:\/\/ssperform.com.br\/#organization\"},\"potentialAction\":[{\"@type\":\"SearchAction\",\"target\":{\"@type\":\"EntryPoint\",\"urlTemplate\":\"https:\/\/ssperform.com.br\/?s={search_term_string}\"},\"query-input\":\"required name=search_term_string\"}],\"inLanguage\":\"en-US\"},{\"@type\":\"Organization\",\"@id\":\"https:\/\/ssperform.com.br\/#organization\",\"name\":\"SSPerform\",\"url\":\"https:\/\/ssperform.com.br\/\",\"logo\":{\"@type\":\"ImageObject\",\"inLanguage\":\"en-US\",\"@id\":\"https:\/\/ssperform.com.br\/#\/schema\/logo\/image\/\",\"url\":\"https:\/\/ssperform.com.br\/wp-content\/uploads\/2021\/10\/Prancheta-1-copia-3@2x.png\",\"contentUrl\":\"https:\/\/ssperform.com.br\/wp-content\/uploads\/2021\/10\/Prancheta-1-copia-3@2x.png\",\"width\":1135,\"height\":264,\"caption\":\"SSPerform\"},\"image\":{\"@id\":\"https:\/\/ssperform.com.br\/#\/schema\/logo\/image\/\"}}]}<\/script>\n<!-- \/ Yoast SEO plugin. -->","yoast_head_json":{"title":"Stakeholders - SSPerform","robots":{"index":"index","follow":"follow","max-snippet":"max-snippet:-1","max-image-preview":"max-image-preview:large","max-video-preview":"max-video-preview:-1"},"canonical":"https:\/\/ssperform.com.br\/en\/stakeholders\/","og_locale":"en_US","og_type":"article","og_title":"Stakeholders - SSPerform","og_description":"Quem s\u00e3o os Stakeholders? S\u00e3o os interessados. Todas as pessoas ou todos os p\u00fablicos que t\u00eam interesses na empresa e que podem afet\u00e1-la ou serem afetados por ela. Stakeholders prim\u00e1rios s\u00e3o os empregados, clientes, fornecedores, comunidades, propriet\u00e1rios e acionistas. O que os stakeholders esperam da empresa? Empregados Bons sal\u00e1rios; Benef\u00edcios; Bom ambiente; Oportunidades de crescimento; [&hellip;]","og_url":"https:\/\/ssperform.com.br\/en\/stakeholders\/","og_site_name":"SSPerform","article_modified_time":"2025-12-02T20:15:10+00:00","twitter_card":"summary_large_image","twitter_misc":{"Est. reading time":"1 minute"},"schema":{"@context":"https:\/\/schema.org","@graph":[{"@type":"WebPage","@id":"https:\/\/ssperform.com.br\/stakeholders\/","url":"https:\/\/ssperform.com.br\/stakeholders\/","name":"Stakeholders - SSPerform","isPartOf":{"@id":"https:\/\/ssperform.com.br\/#website"},"datePublished":"2022-03-31T20:33:54+00:00","dateModified":"2025-12-02T20:15:10+00:00","breadcrumb":{"@id":"https:\/\/ssperform.com.br\/stakeholders\/#breadcrumb"},"inLanguage":"en-US","potentialAction":[{"@type":"ReadAction","target":["https:\/\/ssperform.com.br\/stakeholders\/"]}]},{"@type":"BreadcrumbList","@id":"https:\/\/ssperform.com.br\/stakeholders\/#breadcrumb","itemListElement":[{"@type":"ListItem","position":1,"name":"In\u00edcio","item":"https:\/\/ssperform.com.br\/"},{"@type":"ListItem","position":2,"name":"Stakeholders"}]},{"@type":"WebSite","@id":"https:\/\/ssperform.com.br\/#website","url":"https:\/\/ssperform.com.br\/","name":"SSPerform","description":"Performance \u2013 \u00cdndice Geral da empresa","publisher":{"@id":"https:\/\/ssperform.com.br\/#organization"},"potentialAction":[{"@type":"SearchAction","target":{"@type":"EntryPoint","urlTemplate":"https:\/\/ssperform.com.br\/?s={search_term_string}"},"query-input":"required name=search_term_string"}],"inLanguage":"en-US"},{"@type":"Organization","@id":"https:\/\/ssperform.com.br\/#organization","name":"SSPerform","url":"https:\/\/ssperform.com.br\/","logo":{"@type":"ImageObject","inLanguage":"en-US","@id":"https:\/\/ssperform.com.br\/#\/schema\/logo\/image\/","url":"https:\/\/ssperform.com.br\/wp-content\/uploads\/2021\/10\/Prancheta-1-copia-3@2x.png","contentUrl":"https:\/\/ssperform.com.br\/wp-content\/uploads\/2021\/10\/Prancheta-1-copia-3@2x.png","width":1135,"height":264,"caption":"SSPerform"},"image":{"@id":"https:\/\/ssperform.com.br\/#\/schema\/logo\/image\/"}}]}},"_links":{"self":[{"href":"https:\/\/ssperform.com.br\/en\/wp-json\/wp\/v2\/pages\/997"}],"collection":[{"href":"https:\/\/ssperform.com.br\/en\/wp-json\/wp\/v2\/pages"}],"about":[{"href":"https:\/\/ssperform.com.br\/en\/wp-json\/wp\/v2\/types\/page"}],"author":[{"embeddable":true,"href":"https:\/\/ssperform.com.br\/en\/wp-json\/wp\/v2\/users\/1"}],"replies":[{"embeddable":true,"href":"https:\/\/ssperform.com.br\/en\/wp-json\/wp\/v2\/comments?post=997"}],"version-history":[{"count":63,"href":"https:\/\/ssperform.com.br\/en\/wp-json\/wp\/v2\/pages\/997\/revisions"}],"predecessor-version":[{"id":3746,"href":"https:\/\/ssperform.com.br\/en\/wp-json\/wp\/v2\/pages\/997\/revisions\/3746"}],"wp:attachment":[{"href":"https:\/\/ssperform.com.br\/en\/wp-json\/wp\/v2\/media?parent=997"}],"curies":[{"name":"wp","href":"https:\/\/api.w.org\/{rel}","templated":true}]}}